{"id":112,"date":"2018-08-23T20:03:24","date_gmt":"2018-08-24T02:03:24","guid":{"rendered":"https:\/\/urseva.urse.edu.mx\/?page_id=112"},"modified":"2018-08-23T20:09:20","modified_gmt":"2018-08-24T02:09:20","slug":"licenciatura-en-contaduria-y-estrategias-financieras","status":"publish","type":"page","link":"https:\/\/urseva.urse.edu.mx\/index.php\/licenciatura-en-contaduria-y-estrategias-financieras\/","title":{"rendered":"Licenciatura en Contadur\u00eda y Estrategias Financieras"},"content":{"rendered":"<p>Si te gusta tener visi\u00f3n para los negocios, emprender, innovar en nuevos productos y servicios, controlar los gastos, entender si un negocio es rentable, realizar c\u00e1lculos de impuestos, est\u00e1s en la p\u00e1gina correcta y en posibilidades de elegir la Universidad que te ayudar\u00e1 a desarrollar y afinar estas cualidades. Nosotros te impulsaremos hacia la creaci\u00f3n de negocios, siendo t\u00fa el due\u00f1o de tu tiempo, de tu trabajo y de tu empresa<\/p>\n<p>En la licenciatura en Contadur\u00eda y Estrategias Financieras buscamos gente con capacidad de adaptarse a los cambios, de integrarse a los equipos de trabajo, a\u00fan en condiciones adversas, que sea capaz de sacar lo mejor de cada persona, visionaria, sin miedo a intentar las cosas, personas comprometidas consigo mismas, con el trabajo o estudio, s\u00ed eres una de \u00e9stas personas o deseas desarrollar algo de lo antes mencionado tenemos lugar para ti, la Facultad de Ciencias Administrativas te da la m\u00e1s cordial bienvenida, queremos que sepas que estamos en la mejor disposici\u00f3n de apoyarte en lo que necesites.<\/p>\n","protected":false},"excerpt":{"rendered":"<p>Si te gusta tener visi\u00f3n para los negocios, emprender, innovar en nuevos productos y servicios, controlar los gastos, entender si un negocio es rentable, realizar [&hellip;]<\/p>\n","protected":false},"author":3,"featured_media":113,"parent":0,"menu_order":0,"comment_status":"closed","ping_status":"closed","template":"","meta":[],"_links":{"self":[{"href":"https:\/\/urseva.urse.edu.mx\/index.php\/wp-json\/wp\/v2\/pages\/112"}],"collection":[{"href":"https:\/\/urseva.urse.edu.mx\/index.php\/wp-json\/wp\/v2\/pages"}],"about":[{"href":"https:\/\/urseva.urse.edu.mx\/index.php\/wp-json\/wp\/v2\/types\/page"}],"author":[{"embeddable":true,"href":"https:\/\/urseva.urse.edu.mx\/index.php\/wp-json\/wp\/v2\/users\/3"}],"replies":[{"embeddable":true,"href":"https:\/\/urseva.urse.edu.mx\/index.php\/wp-json\/wp\/v2\/comments?post=112"}],"version-history":[{"count":2,"href":"https:\/\/urseva.urse.edu.mx\/index.php\/wp-json\/wp\/v2\/pages\/112\/revisions"}],"predecessor-version":[{"id":118,"href":"https:\/\/urseva.urse.edu.mx\/index.php\/wp-json\/wp\/v2\/pages\/112\/revisions\/118"}],"wp:featuredmedia":[{"embeddable":true,"href":"https:\/\/urseva.urse.edu.mx\/index.php\/wp-json\/wp\/v2\/media\/113"}],"wp:attachment":[{"href":"https:\/\/urseva.urse.edu.mx\/index.php\/wp-json\/wp\/v2\/media?parent=112"}],"curies":[{"name":"wp","href":"https:\/\/api.w.org\/{rel}","templated":true}]}}