{"id":1371,"date":"2020-01-30T13:23:57","date_gmt":"2020-01-30T19:23:57","guid":{"rendered":"https:\/\/urseva.urse.edu.mx\/index.php\/espacio-universitario-copy\/"},"modified":"2024-09-18T08:37:47","modified_gmt":"2024-09-18T14:37:47","slug":"espacio-universitario-39","status":"publish","type":"page","link":"https:\/\/urseva.urse.edu.mx\/index.php\/espacio-universitario\/numeros-anteriores\/espacio-universitario-39\/","title":{"rendered":"Revista Espacio Universitario A\u00f1o 2 No. 2"},"content":{"rendered":"\t\t<div data-elementor-type=\"wp-page\" data-elementor-id=\"1371\" class=\"elementor elementor-1371\" data-elementor-settings=\"[]\">\n\t\t\t\t\t\t<div class=\"elementor-inner\">\n\t\t\t\t\t\t\t<div class=\"elementor-section-wrap\">\n\t\t\t\t\t\t\t<section class=\"elementor-section elementor-top-section elementor-element elementor-element-6a70cc40 elementor-section-boxed elementor-section-height-default elementor-section-height-default\" data-id=\"6a70cc40\" data-element_type=\"section\">\n\t\t\t\t\t\t<div class=\"elementor-container elementor-column-gap-default\">\n\t\t\t\t\t\t\t<div class=\"elementor-row\">\n\t\t\t\t\t<div class=\"elementor-column elementor-col-100 elementor-top-column elementor-element elementor-element-5ef75f4f\" data-id=\"5ef75f4f\" data-element_type=\"column\">\n\t\t\t<div class=\"elementor-column-wrap elementor-element-populated\">\n\t\t\t\t\t\t\t<div class=\"elementor-widget-wrap\">\n\t\t\t\t\t\t<div class=\"elementor-element elementor-element-1fc5c9b9 elementor-widget elementor-widget-text-editor\" data-id=\"1fc5c9b9\" data-element_type=\"widget\" data-widget_type=\"text-editor.default\">\n\t\t\t\t<div class=\"elementor-widget-container\">\n\t\t\t\t\t\t\t\t<div class=\"elementor-text-editor elementor-clearfix\">\n\t\t\t\t<p><!-- wp:paragraph --><\/p>\n<p><!-- \/wp:paragraph --><\/p>\n<p><!-- wp:heading {\"level\":4} --><\/p>\n<h4>Revista Espacio Universitario. A\u00f1o 2. No. 2. Febrero 2020<\/h4>\n<p><!-- \/wp:heading --><\/p>\n<p><!-- wp:separator --><\/p>\n<hr class=\"wp-block-separator\" \/>\n<p><!-- \/wp:separator --><\/p>\n<p><!-- wp:heading {\"level\":4} --><\/p>\n<h4><strong>Editorial<\/strong><\/h4>\n<p><!-- \/wp:heading --><\/p>\n<p><!-- wp:html --><\/p>\n<div class=\"wp-block-file\"><a class=\"wp-block-file__button\" href=\"https:\/\/urseva.urse.edu.mx\/wp-content\/uploads\/2024\/09\/Carta-Editorial-No.2.pdf\" download=\"\">Descarga PDF<\/a><\/div>\n<p><!-- \/wp:html --><\/p>\n<p><!-- wp:separator --><\/p>\n<hr class=\"wp-block-separator\" \/>\n<p><!-- \/wp:separator --><\/p>\n<p><!-- wp:html --><\/p>\n<div style=\"background-color: #b9975b; border-style: solid; border-color: black; text-align: center;\">\n<h5 style=\"color: white;\">Art\u00edculos Originales<\/h5>\n<\/div>\n<p><!-- \/wp:html --><\/p>\n<p>\u00a0<\/p>\n<h4 style=\"text-align: justify;\"><strong>Evaluaci\u00f3n del Diagn\u00f3stico y Tratamiento de la Pielonefritis en Escolares que Ingresan al Servicio de Pediatr\u00eda del Hospital Regional Presidente Ju\u00e1rez \u201cISSSTE\u201d<\/strong><\/h4>\n<p><!-- \/wp:html --><\/p>\n<p><!-- wp:html --><\/p>\n<p style=\"text-align: justify;\">Cruz Hern\u00e1ndez Eduardo Daniel, Velasco Crespo \u00c1ngela Gregoria, Cervantes Quiroz Arturo Romeo, Santiago Roc\u00edo Nereyda.<\/p>\n<p><!-- \/wp:html --><\/p>\n<p><!-- wp:html --><\/p>\n<div class=\"wp-block-file\"><a class=\"wp-block-file__button\" href=\"https:\/\/urseva.urse.edu.mx\/wp-content\/uploads\/2024\/09\/1.-Evaluacion-del-Diagnostico-y-Tratamiento-de-la-Pielonefritis-en-Escolares.pdf\" download=\"\">Descarga PDF<\/a><\/div>\n<p><!-- \/wp:html --><\/p>\n<p><!-- wp:separator --><\/p>\n<hr class=\"wp-block-separator\" \/>\n<p><!-- \/wp:separator --><\/p>\n<p><!-- wp:heading {\"level\":4} --><\/p>\n<p>\u00a0<\/p>\n<h4 style=\"text-align: justify;\"><strong>Factores de Riesgo para S\u00edndrome de Burnout en Pasantes de Enfermer\u00eda en Servicio Social Hospitalario<\/strong><\/h4>\n<p><!-- \/wp:heading --><\/p>\n<p><!-- wp:html --><\/p>\n<p style=\"text-align: justify;\">Bejarano Morales Sa\u00fal, Reynol Cabrera Ram\u00edrez Alexander, Luis Hilario Floricel, Quiroz Quiroz Leticia, Ramos Torres Ivet, Varilla Bartolo Yumara, Velasco Castellanos Luz Yesenia, Ruiz D\u00e1vila Eugenia.<\/p>\n<p><!-- \/wp:html --><\/p>\n<p><!-- wp:file {\"id\":1447,\"href\":\"https:\/\/urseva.urse.edu.mx\/wp-content\/uploads\/2020\/01\/Factores-de-Riesgo-para-S\u00edndrome-de-Burnout.pdf\"} --><\/p>\n<div class=\"wp-block-file\"><a class=\"wp-block-file__button\" href=\"https:\/\/urseva.urse.edu.mx\/wp-content\/uploads\/2024\/09\/2.-Factores-de-Riesgo-para-Sindrome-de-Burnout.pdf\" download=\"\">Descarga PDF<\/a><\/div>\n<p><!-- \/wp:file --><\/p>\n<p><!-- wp:separator --><\/p>\n<hr class=\"wp-block-separator\" \/>\n<p><!-- \/wp:separator --><\/p>\n<p><!-- wp:heading {\"level\":4} --><\/p>\n<p>\u00a0<\/p>\n<h4 style=\"text-align: justify;\"><strong>Estudio de Clima Organizacional en una Empresa de Giro Hotelero<\/strong><\/h4>\n<p><!-- \/wp:heading --><\/p>\n<p><!-- wp:html --><\/p>\n<p style=\"text-align: justify;\">Cruz Cruz Anah\u00ed, Garc\u00eda L\u00f3pez Fatima, Hern\u00e1ndez Bola\u00f1os Arely Michelle, Jim\u00e9nez Santiago Elizabeth, Reyes M\u00e9ndez Jos\u00e9 Armando, Mart\u00ednez Castellanos Gema.<\/p>\n<p><!-- \/wp:html --><\/p>\n<p><!-- wp:file {\"id\":1546,\"href\":\"https:\/\/urseva.urse.edu.mx\/wp-content\/uploads\/2020\/02\/Estudio-de-Clima-Organizacional.pdf\"} --><\/p>\n<div class=\"wp-block-file\"><a class=\"wp-block-file__button\" href=\"https:\/\/urseva.urse.edu.mx\/wp-content\/uploads\/2024\/09\/3.-Estudio-de-Clima-Organizacional.pdf\" download=\"\">Descarga PDF<\/a><\/div>\n<p><!-- \/wp:file --><\/p>\n<p><!-- wp:separator --><\/p>\n<hr class=\"wp-block-separator\" \/>\n<p><!-- \/wp:separator --><\/p>\n<p><!-- wp:heading {\"level\":4} --><\/p>\n<p>\u00a0<\/p>\n<h4 style=\"text-align: justify;\"><strong>Rasgos Tipol\u00f3gicos del Zapoteco de San Francisco Loxicha y Aspectos de Transferencia en el Aprendizaje del Espa\u00f1ol como Segunda Lengua<\/strong><\/h4>\n<p><!-- \/wp:heading --><\/p>\n<p><!-- wp:html --><\/p>\n<p style=\"text-align: justify;\">Jos\u00e9 Jos\u00e9 Uziel, Ramirez Tercero Oswaldo, Cevallos Villalba Julia Mar\u00eda, Aquino Azua Jos\u00e9 Abraham, Reyes Victoria Elizabeth, Hern\u00e1ndez Olvera Berenice, Ju\u00e1rez Blas Rub\u00e9n, Cort\u00e9s Santiago Fernando Efra\u00edn, Macari Luna Jemima Olivia, Reyes Le\u00f3n Marvelia, Z\u00e1rate V\u00e1squez Kevin, Matadamas Marco Antonio, Castrej\u00f3n Miguel \u00c1ngel, Johnson Gir\u00f3n Rebeka Nur.<\/p>\n<p><!-- \/wp:html --><\/p>\n<p><!-- wp:file {\"id\":1432,\"href\":\"https:\/\/urseva.urse.edu.mx\/wp-content\/uploads\/2020\/01\/Rasgos-Tipol\u00f3gicos-del-Zapoteco-de-San-Francisco-Lox..pdf\"} --><\/p>\n<div class=\"wp-block-file\"><a class=\"wp-block-file__button\" href=\"https:\/\/urseva.urse.edu.mx\/wp-content\/uploads\/2024\/09\/4.-Rasgos-Tipologicos-del-Zapoteco-de-San-Francisco-Lox..pdf\" download=\"\">Descarga PDF<\/a><\/div>\n<p><!-- \/wp:file --><\/p>\n<p><!-- wp:separator --><\/p>\n<hr class=\"wp-block-separator\" \/>\n<p><!-- \/wp:separator --><\/p>\n<p><!-- wp:heading {\"level\":4} --><\/p>\n<p>\u00a0<\/p>\n<h4 style=\"text-align: justify;\"><strong>Prevalencia y Factores de Riesgo de las Lesiones de la Mucosa Oral en la Poblaci\u00f3n de Oaxaca de Ju\u00e1rez<\/strong><\/h4>\n<p><!-- \/wp:heading --><\/p>\n<p><!-- wp:html --><\/p>\n<p style=\"text-align: justify;\">Arias Fern\u00e1ndez Cassandra, Ram\u00edrez Santiago Adair Cesar, Meza Garc\u00eda Gerardo.<\/p>\n<p><!-- \/wp:html --><\/p>\n<p><!-- wp:file {\"id\":1434,\"href\":\"https:\/\/urseva.urse.edu.mx\/wp-content\/uploads\/2020\/01\/Prevalencia-y-Factores-de-Riesgo-de-las-Lesiones-de-la-Mucosa-Oral.pdf\"} --><\/p>\n<div class=\"wp-block-file\"><a class=\"wp-block-file__button\" href=\"https:\/\/urseva.urse.edu.mx\/wp-content\/uploads\/2024\/09\/5.-Prevalencia-y-Factores-de-Riesgo-de-las-Lesiones-de-la-Mucosa-Oral.pdf\" download=\"\">Descarga PDF<\/a><\/div>\n<p><!-- \/wp:file --><\/p>\n<p><!-- wp:separator --><\/p>\n<hr class=\"wp-block-separator\" \/>\n<p><!-- \/wp:separator --><\/p>\n<p><!-- wp:heading {\"level\":4} --><\/p>\n<p>\u00a0<\/p>\n<h4 style=\"text-align: justify;\"><strong>Errores de Cepillado Bucal m\u00e1s Frecuentes en Ni\u00f1os de la primaria Juan Escutia de Oaxaca<\/strong><\/h4>\n<p><!-- \/wp:heading --><\/p>\n<p><!-- wp:html --><\/p>\n<p style=\"text-align: justify;\">G\u00f3mez Blas Nanaxhi, Hern\u00e1ndez Ram\u00edrez Andrea Sara\u00ed, Cruz Guzm\u00e1n Marlene, P\u00e9rez P\u00e9rez Nora G.<\/p>\n<p><!-- \/wp:html --><\/p>\n<p><!-- wp:file {\"id\":1436,\"href\":\"https:\/\/urseva.urse.edu.mx\/wp-content\/uploads\/2020\/01\/Errores-de-Cepillado-Bucal-.pdf\"} --><\/p>\n<div class=\"wp-block-file\"><a class=\"wp-block-file__button\" href=\"https:\/\/urseva.urse.edu.mx\/wp-content\/uploads\/2024\/09\/6.-Errores-de-Cepillado-Bucal-.pdf\" download=\"\">Descarga PDF<\/a><\/div>\n<p><!-- \/wp:file --><\/p>\n<p><!-- wp:separator --><\/p>\n<hr class=\"wp-block-separator\" \/>\n<p><!-- \/wp:separator --><\/p>\n<p><!-- wp:heading {\"level\":4} --><\/p>\n<p>\u00a0<\/p>\n<h4 style=\"text-align: justify;\"><strong>Impacto de las variables asociadas al grado de nutrici\u00f3n de pacientes con Fibrosis Qu\u00edstica del Instituto Nacional de Pediatr\u00eda<\/strong><\/h4>\n<p><!-- \/wp:heading --><\/p>\n<p><!-- wp:html --><\/p>\n<p style=\"text-align: justify;\">Calvo Ram\u00edrez Jocelyne del Rosario, Neri Caballero Enrique Salvador, De Gyves Escobar Enrique.<\/p>\n<p><!-- \/wp:html --><\/p>\n<p><!-- wp:file {\"id\":1438,\"href\":\"https:\/\/urseva.urse.edu.mx\/wp-content\/uploads\/2020\/01\/Impacto-de-las-variables-asociadas-al-grado-de-nutrici\u00f3n-.pdf\"} --><\/p>\n<div class=\"wp-block-file\"><a class=\"wp-block-file__button\" href=\"https:\/\/urseva.urse.edu.mx\/wp-content\/uploads\/2024\/09\/7.-Impacto-de-las-variables-asociadas-al-grado-de-nutricion-.pdf\" download=\"\">Descarga PDF<\/a><\/div>\n<p><!-- \/wp:file --><\/p>\n<p><!-- wp:separator --><\/p>\n<hr class=\"wp-block-separator\" \/>\n<p><!-- \/wp:separator --><\/p>\n<p><!-- wp:html --><\/p>\n<div style=\"background-color: #b9975b; border-style: solid; border-color: black; text-align: center;\">\n<h5 style=\"color: white;\">Ensayo Original<\/h5>\n<\/div>\n<p><!-- \/wp:html --><\/p>\n<p><!-- wp:heading {\"level\":4} --><\/p>\n<p>\u00a0<\/p>\n<h4 style=\"text-align: justify;\"><strong>El Amor<br \/><\/strong><\/h4>\n<p><!-- \/wp:heading --><\/p>\n<p><!-- wp:paragraph --><\/p>\n<p>Vasquez Moreno Ericel<\/p>\n<p><!-- \/wp:paragraph --><\/p>\n<p><!-- wp:file {\"id\":1440,\"href\":\"https:\/\/urseva.urse.edu.mx\/wp-content\/uploads\/2020\/01\/El-amor.pdf\"} --><\/p>\n<div class=\"wp-block-file\"><a class=\"wp-block-file__button\" href=\"https:\/\/urseva.urse.edu.mx\/wp-content\/uploads\/2024\/09\/8.-El-amor.pdf\" download=\"\">Descarga PDF<\/a><\/div>\n<p><!-- \/wp:file --><\/p>\t\t\t\t\t<\/div>\n\t\t\t\t\t\t<\/div>\n\t\t\t\t<\/div>\n\t\t\t\t\t\t<\/div>\n\t\t\t\t\t<\/div>\n\t\t<\/div>\n\t\t\t\t\t\t\t\t<\/div>\n\t\t\t\t\t<\/div>\n\t\t<\/section>\n\t\t\t\t\t\t<\/div>\n\t\t\t\t\t\t<\/div>\n\t\t\t\t\t<\/div>\n\t\t","protected":false},"excerpt":{"rendered":"<p>Revista Espacio Universitario. A\u00f1o 2. No. 2. Febrero 2020 Editorial Descarga PDF Art\u00edculos Originales \u00a0 Evaluaci\u00f3n del Diagn\u00f3stico y Tratamiento de la Pielonefritis en Escolares [&hellip;]<\/p>\n","protected":false},"author":1,"featured_media":2560,"parent":1100,"menu_order":0,"comment_status":"closed","ping_status":"closed","template":"","meta":[],"_links":{"self":[{"href":"https:\/\/urseva.urse.edu.mx\/index.php\/wp-json\/wp\/v2\/pages\/1371"}],"collection":[{"href":"https:\/\/urseva.urse.edu.mx\/index.php\/wp-json\/wp\/v2\/pages"}],"about":[{"href":"https:\/\/urseva.urse.edu.mx\/index.php\/wp-json\/wp\/v2\/types\/page"}],"author":[{"embeddable":true,"href":"https:\/\/urseva.urse.edu.mx\/index.php\/wp-json\/wp\/v2\/users\/1"}],"replies":[{"embeddable":true,"href":"https:\/\/urseva.urse.edu.mx\/index.php\/wp-json\/wp\/v2\/comments?post=1371"}],"version-history":[{"count":64,"href":"https:\/\/urseva.urse.edu.mx\/index.php\/wp-json\/wp\/v2\/pages\/1371\/revisions"}],"predecessor-version":[{"id":3351,"href":"https:\/\/urseva.urse.edu.mx\/index.php\/wp-json\/wp\/v2\/pages\/1371\/revisions\/3351"}],"up":[{"embeddable":true,"href":"https:\/\/urseva.urse.edu.mx\/index.php\/wp-json\/wp\/v2\/pages\/1100"}],"wp:featuredmedia":[{"embeddable":true,"href":"https:\/\/urseva.urse.edu.mx\/index.php\/wp-json\/wp\/v2\/media\/2560"}],"wp:attachment":[{"href":"https:\/\/urseva.urse.edu.mx\/index.php\/wp-json\/wp\/v2\/media?parent=1371"}],"curies":[{"name":"wp","href":"https:\/\/api.w.org\/{rel}","templated":true}]}}