{"id":2230,"date":"2022-07-06T11:03:27","date_gmt":"2022-07-06T17:03:27","guid":{"rendered":"https:\/\/urseva.urse.edu.mx\/index.php\/espacio-universitario-copy\/"},"modified":"2026-03-05T11:57:38","modified_gmt":"2026-03-05T17:57:38","slug":"espacio-universitario-46","status":"publish","type":"page","link":"https:\/\/urseva.urse.edu.mx\/index.php\/espacio-universitario\/numeros-anteriores\/espacio-universitario-46\/","title":{"rendered":"Revista Espacio Universitario A\u00f1o 4 No. 9"},"content":{"rendered":"\t\t<div data-elementor-type=\"wp-page\" data-elementor-id=\"2230\" class=\"elementor elementor-2230\" data-elementor-settings=\"[]\">\n\t\t\t\t\t\t<div class=\"elementor-inner\">\n\t\t\t\t\t\t\t<div class=\"elementor-section-wrap\">\n\t\t\t\t\t\t\t<section class=\"elementor-section elementor-top-section elementor-element elementor-element-58c1fd11 elementor-section-stretched elementor-section-full_width elementor-section-height-default elementor-section-height-default\" data-id=\"58c1fd11\" data-element_type=\"section\" data-settings=\"{&quot;stretch_section&quot;:&quot;section-stretched&quot;}\">\n\t\t\t\t\t\t<div class=\"elementor-container elementor-column-gap-extended\">\n\t\t\t\t\t\t\t<div class=\"elementor-row\">\n\t\t\t\t\t<div class=\"elementor-column elementor-col-50 elementor-top-column elementor-element elementor-element-2bb2b22\" data-id=\"2bb2b22\" data-element_type=\"column\">\n\t\t\t<div class=\"elementor-column-wrap elementor-element-populated\">\n\t\t\t\t\t\t\t<div class=\"elementor-widget-wrap\">\n\t\t\t\t\t\t<div class=\"elementor-element elementor-element-f77caa4 elementor-widget elementor-widget-text-editor\" data-id=\"f77caa4\" data-element_type=\"widget\" data-widget_type=\"text-editor.default\">\n\t\t\t\t<div class=\"elementor-widget-container\">\n\t\t\t\t\t\t\t\t<div class=\"elementor-text-editor elementor-clearfix\">\n\t\t\t\t\t\t\t\t\t<\/div>\n\t\t\t\t\t\t<\/div>\n\t\t\t\t<\/div>\n\t\t\t\t<div class=\"elementor-element elementor-element-6e94c59 elementor-widget elementor-widget-image\" data-id=\"6e94c59\" data-element_type=\"widget\" data-widget_type=\"image.default\">\n\t\t\t\t<div class=\"elementor-widget-container\">\n\t\t\t\t\t\t\t\t<div class=\"elementor-image\">\n\t\t\t\t\t\t\t\t\t\t\t\t\t<a href=\"https:\/\/www.calameo.com\/read\/008163450d6b65155dec9?authid=aXxmArQQlNJs\" target=\"_blank\">\n\t\t\t\t\t\t\t<img width=\"218\" height=\"300\" src=\"https:\/\/urseva.urse.edu.mx\/wp-content\/uploads\/2024\/09\/portada_a4_n9-218x300.png\" class=\"attachment-medium size-medium\" alt=\"\" loading=\"lazy\" srcset=\"https:\/\/urseva.urse.edu.mx\/wp-content\/uploads\/2024\/09\/portada_a4_n9-218x300.png 218w, https:\/\/urseva.urse.edu.mx\/wp-content\/uploads\/2024\/09\/portada_a4_n9.png 623w\" sizes=\"(max-width: 218px) 100vw, 218px\" \/>\t\t\t\t\t\t\t\t<\/a>\n\t\t\t\t\t\t\t\t\t\t\t\t\t\t<\/div>\n\t\t\t\t\t\t<\/div>\n\t\t\t\t<\/div>\n\t\t\t\t<div class=\"elementor-element elementor-element-282040a elementor-widget elementor-widget-text-editor\" data-id=\"282040a\" data-element_type=\"widget\" data-widget_type=\"text-editor.default\">\n\t\t\t\t<div class=\"elementor-widget-container\">\n\t\t\t\t\t\t\t\t<div class=\"elementor-text-editor elementor-clearfix\">\n\t\t\t\t<div style=\"text-shadow: 2px 2px 2px #B9975B;\">\n<h4><strong>CONSEJO EDITORIAL<br \/><\/strong><\/h4>\n<\/div>\n<p><style>\n@import url('https:\/\/fonts.googleapis.com\/css?family=Lora&display=swap');<br \/>h5   {font-family: 'Lora', serif;<br \/>font-size: .63em; font-weight: bolder;}<br \/><\/style><\/p>\n<div style=\"font-family: 'Lora', serif;\">\n<div>\n<div style=\"font-family: 'Lora', serif; font-size: 1.0em; font-weight: bolder;\">M.D.F. Miguel \u00c1ngel Hern\u00e1ndez Mendoza\u00a0<\/div>\n<\/div>\n<div style=\"font-size: 0.85em;\">Rector de la Universidad<\/div>\n<div style=\"font-family: 'Lora', serif; font-size: 1.0em; font-weight: bolder;\">M.A.E. Margarita Ric\u00e1rdez Smith<\/div>\n<div style=\"font-size: 0.85em;\">Directora General de Asuntos Acad\u00e9micos<\/div>\n<div style=\"font-family: 'Lora', serif; font-size: 1.0em; font-weight: bolder;\">M.A. Claudia Patricia Reyes S\u00e1nchez<\/div>\n<div style=\"font-size: 0.85em;\">Directora General de Asuntos Estudiantiles<\/div>\n<div>\n<div style=\"font-family: 'Lora', serif; font-size: 1.0em; font-weight: bolder;\">M.D.F. Juan Jos\u00e9 \u00c1ngeles Castellanos<\/div>\n<div style=\"font-size: 0.85em;\">Director General de Asuntos Administrativos<\/div>\n<\/div>\n<div style=\"font-family: 'Lora', serif; font-size: 1.0em; font-weight: bolder;\"><strong>M.D.F. Juan Carlos Ram\u00edrez Reyes<\/strong><\/div>\n<div style=\"font-size: 0.85em;\">Director General de Asuntos Financieros<\/div>\n<div style=\"font-size: 0.85em;\">\u00a0<\/div>\n<div style=\"text-shadow: 2px 2px 2px #B9975B;\">\n<h4><strong>COMIT\u00c9 EDITORIAL<\/strong><\/h4>\n<\/div>\n<div style=\"font-size: 1.0em;\"><strong>D. C. Martha Segura Jim\u00e9nez<\/strong><br \/><strong>D.C.A. Mar\u00eda Victoria Gavi\u00f1o Ambr\u00edz<\/strong><\/div>\n<div style=\"font-size: 1.0em;\"><strong><span class=\"fontstyle1\">Mtro. Jahaziel Reyes Loaeza<\/span> \u00a0<\/strong><br \/><strong>D.E. Josman Espinosa G\u00f3mez<\/strong><br \/><strong>D.S.P. Erick Azamar Cruz<\/strong><\/div>\n<div><strong>Dr. Flavio de Jes\u00fas Castillo Silva<\/strong><\/div>\n<div><strong>Dr. V\u00edctor Manuel Mendoza Mart\u00ednez<\/strong><\/div>\n<div><strong> Dr. Eduardo Gonz\u00e1lez Guerra<\/strong><\/div>\n<div><strong>Dr. Jos\u00e9 Luis Ayala Herrera<\/strong><\/div>\n<div><strong>Dr. Josu\u00e9 Roberto Bermeo Escalona<\/strong><\/div>\n<div><strong>Dr. Juli\u00e1n Santoyo Garc\u00eda Galiano<\/strong><\/div>\n<div><strong><span class=\"fontstyle1\"> Dr. Armando Melgoza Rivera\u00a0<\/span><\/strong><\/div>\n<\/div>\n<div style=\"padding-bottom: 1px;\">\u00a0<\/div>\n<div class=\"wp-block-file\"><a class=\"wp-block-file__button\" href=\"https:\/\/urseva.urse.edu.mx\/wp-content\/uploads\/2024\/09\/Comite-Editorial-Revista-Espacio-Universitario-9.pdf\" target=\"_blank\" rel=\"noopener\">Ver Rese\u00f1a<\/a><\/div>\t\t\t\t\t<\/div>\n\t\t\t\t\t\t<\/div>\n\t\t\t\t<\/div>\n\t\t\t\t<div class=\"elementor-element elementor-element-17b6c2c elementor-widget elementor-widget-text-editor\" data-id=\"17b6c2c\" data-element_type=\"widget\" data-widget_type=\"text-editor.default\">\n\t\t\t\t<div class=\"elementor-widget-container\">\n\t\t\t\t\t\t\t\t<div class=\"elementor-text-editor elementor-clearfix\">\n\t\t\t\t<div style=\"text-shadow: 2px 2px 2px #B9975B;\">\n<h4><strong>GU\u00cdA APA S\u00c9PTIMA EDICI\u00d3N <\/strong><\/h4>\nAdaptaci\u00f3n Editorial para publicaci\u00f3n<\/div>\n<div style=\"text-shadow: 2px 2px 2px #B9975B;\">en la\u00a0Revista Espacio Universitario<\/div>\n<div style=\"padding-bottom: 1px;\">\u00a0<\/div>\n<div class=\"wp-block-file\"><a class=\"wp-block-file__button\" href=\"https:\/\/urseva.urse.edu.mx\/wp-content\/uploads\/2020\/03\/guia_apa_7a_edicion.pdf\" target=\"_blank\" rel=\"noopener\">Ver Gu\u00eda<\/a><\/div>\t\t\t\t\t<\/div>\n\t\t\t\t\t\t<\/div>\n\t\t\t\t<\/div>\n\t\t\t\t<div class=\"elementor-element elementor-element-804b836 elementor-widget elementor-widget-text-editor\" data-id=\"804b836\" data-element_type=\"widget\" data-widget_type=\"text-editor.default\">\n\t\t\t\t<div class=\"elementor-widget-container\">\n\t\t\t\t\t\t\t\t<div class=\"elementor-text-editor elementor-clearfix\">\n\t\t\t\t<div style=\"text-shadow: 2px 2px 2px #B9975B;\">\n<h4><strong>ACERCA DE LOS AUTORES<\/strong><\/h4>\n<\/div>\n<div class=\"wp-block-file\"><a class=\"wp-block-file__button\" href=\"https:\/\/urseva.urse.edu.mx\/wp-content\/uploads\/2024\/09\/RESENA-DE-AUTORES-9-1.pdf\" target=\"_blank\" rel=\"noopener\">Ver<\/a><\/div>\t\t\t\t\t<\/div>\n\t\t\t\t\t\t<\/div>\n\t\t\t\t<\/div>\n\t\t\t\t<div class=\"elementor-element elementor-element-ade11bb elementor-widget elementor-widget-text-editor\" data-id=\"ade11bb\" data-element_type=\"widget\" data-widget_type=\"text-editor.default\">\n\t\t\t\t<div class=\"elementor-widget-container\">\n\t\t\t\t\t\t\t\t<div class=\"elementor-text-editor elementor-clearfix\">\n\t\t\t\t<div style=\"text-shadow: 2px 2px 2px #B9975B;\">\n<h4><strong>N\u00daMEROS ANTERIORES<\/strong><\/h4>\n<\/div>\n<div class=\"wp-block-file\"><a class=\"wp-block-file__button\" href=\"https:\/\/urseva.urse.edu.mx\/index.php\/espacio-universitario\/numeros-anteriores\/\">Ver<\/a><\/div>\t\t\t\t\t<\/div>\n\t\t\t\t\t\t<\/div>\n\t\t\t\t<\/div>\n\t\t\t\t<div class=\"elementor-element elementor-element-1c3fa90 elementor-widget elementor-widget-text-editor\" data-id=\"1c3fa90\" data-element_type=\"widget\" data-widget_type=\"text-editor.default\">\n\t\t\t\t<div class=\"elementor-widget-container\">\n\t\t\t\t\t\t\t\t<div class=\"elementor-text-editor elementor-clearfix\">\n\t\t\t\t<div style=\"text-shadow: 2px 2px 2px #B9975B;\">\n<h4><strong>DIRECTRICES PARA AUTORES<\/strong><\/h4>\n<\/div>\n<div class=\"wp-block-file\"><a class=\"wp-block-file__button\" href=\"https:\/\/urseva.urse.edu.mx\/wp-content\/uploads\/2022\/03\/Directrices-Actualizadas.pdf\" target=\"_blank\" rel=\"noopener\">Ver<\/a><\/div>\t\t\t\t\t<\/div>\n\t\t\t\t\t\t<\/div>\n\t\t\t\t<\/div>\n\t\t\t\t<div class=\"elementor-element elementor-element-f48903c elementor-widget elementor-widget-text-editor\" data-id=\"f48903c\" data-element_type=\"widget\" data-widget_type=\"text-editor.default\">\n\t\t\t\t<div class=\"elementor-widget-container\">\n\t\t\t\t\t\t\t\t<div class=\"elementor-text-editor elementor-clearfix\">\n\t\t\t\t<div style=\"text-shadow: 2px 2px 2px #B9975B;\">\n<h4><strong>CONTACTO<\/strong><\/h4>\n<\/div>\n<b>revistaespacio@urse.edu.mx<\/b>\t\t\t\t\t<\/div>\n\t\t\t\t\t\t<\/div>\n\t\t\t\t<\/div>\n\t\t\t\t\t\t<\/div>\n\t\t\t\t\t<\/div>\n\t\t<\/div>\n\t\t\t\t<div class=\"elementor-column elementor-col-50 elementor-top-column elementor-element elementor-element-74435b7e\" data-id=\"74435b7e\" data-element_type=\"column\">\n\t\t\t<div class=\"elementor-column-wrap elementor-element-populated\">\n\t\t\t\t\t\t\t<div class=\"elementor-widget-wrap\">\n\t\t\t\t\t\t<div class=\"elementor-element elementor-element-2e4acd4f elementor-widget elementor-widget-text-editor\" data-id=\"2e4acd4f\" data-element_type=\"widget\" data-widget_type=\"text-editor.default\">\n\t\t\t\t<div class=\"elementor-widget-container\">\n\t\t\t\t\t\t\t\t<div class=\"elementor-text-editor elementor-clearfix\">\n\t\t\t\t<p><!-- wp:paragraph --><\/p>\n<p><!-- \/wp:paragraph --><\/p>\n<p><!-- wp:heading {\"level\":4} --><\/p>\n<h4>Revista Espacio Universitario. A\u00f1o 4. No. 9. Octubre 2022<\/h4>\n<p><!-- \/wp:heading --><\/p>\n<p><!-- wp:separator --><\/p>\n<hr \/>\n<p><!-- \/wp:separator --><\/p>\n<p><!-- wp:heading {\"level\":4} --><\/p>\n<h4><strong>Editorial<\/strong><\/h4>\n<p><!-- \/wp:heading --><\/p>\n<p><!-- wp:html --><\/p>\n<div class=\"wp-block-file\"><a class=\"wp-block-file__button\" href=\"https:\/\/urseva.urse.edu.mx\/wp-content\/uploads\/2024\/09\/CARTA-EDITORIAL-9.pdf\" target=\"_blank\" rel=\"noopener\">Descarga PDF<\/a><\/div>\n<p><!-- \/wp:html --><\/p>\n<p><!-- wp:separator --><\/p>\n<hr \/>\n<p><!-- \/wp:separator --><\/p>\n<p><!-- wp:html --><\/p>\n<p>\u00a0<\/p>\n<div style=\"background-color: #b9975b; border-style: solid; border-color: black; text-align: center;\">\n<h5 style=\"color: white;\">Art\u00edculos Originales<\/h5>\n<\/div>\n<p><!-- \/wp:html --><\/p>\n<div>\u00a0<\/div>\n<h4 style=\"text-align: justify;\"><strong>Trastornos psicol\u00f3gicos ocasionados por el aislamiento social debido a la pandemia Covid-19 en estudiantes de Medicina de la Universidad Regional del Sureste.<\/strong><\/h4>\n<p><!-- \/wp:html --><\/p>\n<p><!-- wp:html --><\/p>\n<p style=\"text-align: justify;\">Cruz Garc\u00eda Norma Alejandra, Cruz Esteban Johanna Lisbeth, Mart\u00ednez Ram\u00edrez Karen Ivonne, S\u00e1nchez S\u00e1nchez \u00c1ngeles Paola, Sarabia Mart\u00ednez Andy Jared, Vargas Ben\u00edtez Patricia.<\/p>\n<p><!-- \/wp:html --><\/p>\n<p><!-- wp:html --><\/p>\n<div class=\"wp-block-file\"><a class=\"wp-block-file__button\" href=\"https:\/\/urseva.urse.edu.mx\/wp-content\/uploads\/2024\/09\/1.-Cruz-Garcia-2022.pdf\" target=\"_blank\" rel=\"noopener\">Descarga PDF<\/a><\/div>\n<div>\u00a0<\/div>\n<div>\n<h4 style=\"text-align: justify;\"><strong>Permanencia de la medicaci\u00f3n de los conductos radiculares con hidr\u00f3xido de calcio vs. hidr\u00f3xido de calcio con yodoformo.<\/strong><\/h4>\n<p><!-- \/wp:html --><\/p>\n<p><!-- wp:html --><\/p>\n<p style=\"text-align: justify;\">P\u00e9rez Rodr\u00edguez Ver\u00f3nica, Salinas Guti\u00e9rrez Luis Daniel, L\u00f3pez Ram\u00edrez Norma Leticia.<\/p>\n<p><!-- \/wp:html --><\/p>\n<p><!-- wp:html --><\/p>\n<div class=\"wp-block-file\"><a class=\"wp-block-file__button\" href=\"https:\/\/urseva.urse.edu.mx\/wp-content\/uploads\/2024\/09\/2.-Perez-Rodriguez-2022.pdf\" target=\"_blank\" rel=\"noopener\">Descarga PDF<\/a><\/div>\n<\/div>\n<div>\u00a0<\/div>\n<div>\n<h4 style=\"text-align: justify;\"><strong>Valoraci\u00f3n de la modificaci\u00f3n en los h\u00e1bitos alimenticios durante la pandemia por Covid-19 en estudiantes de la Facultad de Medicina y Cirug\u00eda de la Universidad Regional del Sureste.<\/strong><\/h4>\n<p><!-- \/wp:html --><\/p>\n<p><!-- wp:html --><\/p>\n<p style=\"text-align: justify;\">\u00c1lvarez Navarro Iara Estefan\u00eda, Garc\u00eda Rodr\u00edguez Cecilia, Mart\u00ednez Hern\u00e1ndez Caleb, Ram\u00edrez Ortiz Norma Paola, V\u00e1squez Guti\u00e9rrez Leslie, Vargas Ben\u00edtez Patricia.<\/p>\n<p><!-- \/wp:html --><\/p>\n<p><!-- wp:html --><\/p>\n<div class=\"wp-block-file\"><a class=\"wp-block-file__button\" href=\"https:\/\/urseva.urse.edu.mx\/wp-content\/uploads\/2024\/09\/3.-Vasquez-Gutierrez-2022.pdf\" target=\"_blank\" rel=\"noopener\">Descarga PDF<\/a><\/div>\n<\/div>\n<p><!-- \/wp:html --><\/p>\n<p><!-- wp:separator --><\/p>\n<hr \/>\n<p><!-- \/wp:html --><\/p>\n<p><!-- wp:separator --><\/p>\n<hr \/>\n<p><!-- \/wp:separator --><\/p>\n<p><!-- wp:html --><\/p>\n<div style=\"background-color: #b9975b; border-style: solid; border-color: black; text-align: center;\">\n<h5 style=\"color: white;\">Ensayo Original<\/h5>\n<\/div>\n<p><!-- \/wp:html --><\/p>\n<div>\u00a0<\/div>\n<h4 style=\"text-align: justify;\"><strong>Consulta aduanera en materia de clasificaci\u00f3n arancelaria. Definitividad e impugnaci\u00f3n.<\/strong><\/h4>\n<p><!-- \/wp:html --><\/p>\n<p><!-- wp:html --><\/p>\n<p style=\"text-align: justify;\">Ramos Barahona Luc\u00eda.<\/p>\n<p><!-- \/wp:html --><\/p>\n<p><!-- wp:html --><\/p>\n<div class=\"wp-block-file\"><a class=\"wp-block-file__button\" href=\"https:\/\/urseva.urse.edu.mx\/wp-content\/uploads\/2024\/09\/4.-Barahona-2022.pdf\" target=\"_blank\" rel=\"noopener\"> Descarga PDF<\/a><\/div>\n<div>\u00a0<\/div>\n<div>\n<h4><strong>La simulaci\u00f3n cl\u00ednica como estrategia de ense\u00f1anza-aprendizaje en estudiantes de Enfermer\u00eda.<\/strong><\/h4>\n<p>Felipe L\u00f3pez Reyna, Sebasti\u00e1n Rodr\u00edguez Samuel Isa\u00ed.<\/p>\n<div class=\"wp-block-file\"><a class=\"wp-block-file__button\" href=\"https:\/\/urseva.urse.edu.mx\/wp-content\/uploads\/2024\/09\/5.-Felipe-Lopez-2022.pdf\" target=\"_blank\" rel=\"noopener\"> Descarga PDF<\/a><\/div>\n<\/div>\n<div>\u00a0<\/div>\n<div>\n<h4><strong>El Desahogo de la prueba testimonial en la etapa de Juicio Oral.<\/strong><\/h4>\n<p>Gir\u00f3n Pinto Elizabeth, Gavi\u00f1o Ambriz Mar\u00eda Victoria.<\/p>\n<div class=\"wp-block-file\"><a class=\"wp-block-file__button\" href=\"https:\/\/urseva.urse.edu.mx\/wp-content\/uploads\/2024\/09\/6.-Giron-2022.pdf\" target=\"_blank\" rel=\"noopener\"> Descarga PDF<\/a><\/div>\n<\/div>\n<div>\u00a0<\/div>\n<div>\n<div class=\"wp-block-file\">\u00a0<\/div>\n<\/div>\n<div>\u00a0<\/div>\n<p><!-- \/wp:html --><\/p>\n<p><!-- wp:separator --><\/p>\n<hr \/>\n<p><!-- \/wp:html --><\/p>\n<p><!-- wp:separator --><\/p>\n<hr \/>\n<p><!-- \/wp:separator --><\/p>\n<p><!-- wp:html --><\/p>\n<div class=\"wp-block-file\">\u00a0<\/div>\n<p><!-- \/wp:html --><\/p>\t\t\t\t\t<\/div>\n\t\t\t\t\t\t<\/div>\n\t\t\t\t<\/div>\n\t\t\t\t\t\t<\/div>\n\t\t\t\t\t<\/div>\n\t\t<\/div>\n\t\t\t\t\t\t\t\t<\/div>\n\t\t\t\t\t<\/div>\n\t\t<\/section>\n\t\t\t\t\t\t<\/div>\n\t\t\t\t\t\t<\/div>\n\t\t\t\t\t<\/div>\n\t\t","protected":false},"excerpt":{"rendered":"<p>CONSEJO EDITORIAL M.D.F. Miguel \u00c1ngel Hern\u00e1ndez Mendoza\u00a0 Rector de la Universidad M.A.E. Margarita Ric\u00e1rdez Smith Directora General de Asuntos Acad\u00e9micos M.A. Claudia Patricia Reyes S\u00e1nchez [&hellip;]<\/p>\n","protected":false},"author":1,"featured_media":2560,"parent":1100,"menu_order":0,"comment_status":"closed","ping_status":"closed","template":"","meta":[],"_links":{"self":[{"href":"https:\/\/urseva.urse.edu.mx\/index.php\/wp-json\/wp\/v2\/pages\/2230"}],"collection":[{"href":"https:\/\/urseva.urse.edu.mx\/index.php\/wp-json\/wp\/v2\/pages"}],"about":[{"href":"https:\/\/urseva.urse.edu.mx\/index.php\/wp-json\/wp\/v2\/types\/page"}],"author":[{"embeddable":true,"href":"https:\/\/urseva.urse.edu.mx\/index.php\/wp-json\/wp\/v2\/users\/1"}],"replies":[{"embeddable":true,"href":"https:\/\/urseva.urse.edu.mx\/index.php\/wp-json\/wp\/v2\/comments?post=2230"}],"version-history":[{"count":107,"href":"https:\/\/urseva.urse.edu.mx\/index.php\/wp-json\/wp\/v2\/pages\/2230\/revisions"}],"predecessor-version":[{"id":4079,"href":"https:\/\/urseva.urse.edu.mx\/index.php\/wp-json\/wp\/v2\/pages\/2230\/revisions\/4079"}],"up":[{"embeddable":true,"href":"https:\/\/urseva.urse.edu.mx\/index.php\/wp-json\/wp\/v2\/pages\/1100"}],"wp:featuredmedia":[{"embeddable":true,"href":"https:\/\/urseva.urse.edu.mx\/index.php\/wp-json\/wp\/v2\/media\/2560"}],"wp:attachment":[{"href":"https:\/\/urseva.urse.edu.mx\/index.php\/wp-json\/wp\/v2\/media?parent=2230"}],"curies":[{"name":"wp","href":"https:\/\/api.w.org\/{rel}","templated":true}]}}