{"id":2307,"date":"2022-12-20T12:55:53","date_gmt":"2022-12-20T18:55:53","guid":{"rendered":"https:\/\/urseva.urse.edu.mx\/index.php\/espacio-universitario-copy\/"},"modified":"2026-03-05T11:55:25","modified_gmt":"2026-03-05T17:55:25","slug":"espacio-universitario-45","status":"publish","type":"page","link":"https:\/\/urseva.urse.edu.mx\/index.php\/espacio-universitario\/numeros-anteriores\/espacio-universitario-45\/","title":{"rendered":"Revista Espacio Universitario A\u00f1o 4 No. 8"},"content":{"rendered":"\t\t<div data-elementor-type=\"wp-page\" data-elementor-id=\"2307\" class=\"elementor elementor-2307\" data-elementor-settings=\"[]\">\n\t\t\t\t\t\t<div class=\"elementor-inner\">\n\t\t\t\t\t\t\t<div class=\"elementor-section-wrap\">\n\t\t\t\t\t\t\t<section class=\"elementor-section elementor-top-section elementor-element elementor-element-58c1fd11 elementor-section-stretched elementor-section-full_width elementor-section-height-default elementor-section-height-default\" data-id=\"58c1fd11\" data-element_type=\"section\" data-settings=\"{&quot;stretch_section&quot;:&quot;section-stretched&quot;}\">\n\t\t\t\t\t\t<div class=\"elementor-container elementor-column-gap-extended\">\n\t\t\t\t\t\t\t<div class=\"elementor-row\">\n\t\t\t\t\t<div class=\"elementor-column elementor-col-50 elementor-top-column elementor-element elementor-element-2bb2b22\" data-id=\"2bb2b22\" data-element_type=\"column\">\n\t\t\t<div class=\"elementor-column-wrap elementor-element-populated\">\n\t\t\t\t\t\t\t<div class=\"elementor-widget-wrap\">\n\t\t\t\t\t\t<div class=\"elementor-element elementor-element-f77caa4 elementor-widget elementor-widget-text-editor\" data-id=\"f77caa4\" data-element_type=\"widget\" data-widget_type=\"text-editor.default\">\n\t\t\t\t<div class=\"elementor-widget-container\">\n\t\t\t\t\t\t\t\t<div class=\"elementor-text-editor elementor-clearfix\">\n\t\t\t\t\t\t\t\t\t<\/div>\n\t\t\t\t\t\t<\/div>\n\t\t\t\t<\/div>\n\t\t\t\t<div class=\"elementor-element elementor-element-6e94c59 elementor-widget elementor-widget-image\" data-id=\"6e94c59\" data-element_type=\"widget\" data-widget_type=\"image.default\">\n\t\t\t\t<div class=\"elementor-widget-container\">\n\t\t\t\t\t\t\t\t<div class=\"elementor-image\">\n\t\t\t\t\t\t\t\t\t\t\t\t\t<a href=\"https:\/\/www.calameo.com\/read\/008163450b27d350a97ab?authid=RDGbspuLbJ2x\" target=\"_blank\">\n\t\t\t\t\t\t\t<img width=\"219\" height=\"300\" src=\"https:\/\/urseva.urse.edu.mx\/wp-content\/uploads\/2024\/09\/portada_a4_n8-219x300.png\" class=\"attachment-medium size-medium\" alt=\"\" loading=\"lazy\" srcset=\"https:\/\/urseva.urse.edu.mx\/wp-content\/uploads\/2024\/09\/portada_a4_n8-219x300.png 219w, https:\/\/urseva.urse.edu.mx\/wp-content\/uploads\/2024\/09\/portada_a4_n8.png 625w\" sizes=\"(max-width: 219px) 100vw, 219px\" \/>\t\t\t\t\t\t\t\t<\/a>\n\t\t\t\t\t\t\t\t\t\t\t\t\t\t<\/div>\n\t\t\t\t\t\t<\/div>\n\t\t\t\t<\/div>\n\t\t\t\t<div class=\"elementor-element elementor-element-282040a elementor-widget elementor-widget-text-editor\" data-id=\"282040a\" data-element_type=\"widget\" data-widget_type=\"text-editor.default\">\n\t\t\t\t<div class=\"elementor-widget-container\">\n\t\t\t\t\t\t\t\t<div class=\"elementor-text-editor elementor-clearfix\">\n\t\t\t\t<div style=\"text-shadow: 2px 2px 2px #B9975B;\">\n<h4><strong>CONSEJO EDITORIAL<br \/><\/strong><\/h4>\n<\/div>\n<p><style>\n@import url('https:\/\/fonts.googleapis.com\/css?family=Lora&display=swap');<br \/>h5   {font-family: 'Lora', serif;<br \/>font-size: .63em; font-weight: bolder;}<br \/><\/style><\/p>\n<div style=\"font-family: 'Lora', serif;\">\n<div>\n<div style=\"font-family: 'Lora', serif; font-size: 1.0em; font-weight: bolder;\">M.D.F. Miguel \u00c1ngel Hern\u00e1ndez Mendoza\u00a0<\/div>\n<\/div>\n<div style=\"font-size: 0.85em;\">Rector de la Universidad<\/div>\n<div style=\"font-family: 'Lora', serif; font-size: 1.0em; font-weight: bolder;\">M.A.E. Margarita Ric\u00e1rdez Smith<\/div>\n<div style=\"font-size: 0.85em;\">Directora General de Asuntos Acad\u00e9micos<\/div>\n<div style=\"font-family: 'Lora', serif; font-size: 1.0em; font-weight: bolder;\">M.A. Claudia Patricia Reyes S\u00e1nchez<\/div>\n<div style=\"font-size: 0.85em;\">Directora General de Asuntos Estudiantiles<\/div>\n<div>\n<div style=\"font-family: 'Lora', serif; font-size: 1.0em; font-weight: bolder;\">M.D.F. Juan Jos\u00e9 \u00c1ngeles Castellanos<\/div>\n<div style=\"font-size: 0.85em;\">Director General de Asuntos Administrativos<\/div>\n<\/div>\n<div style=\"font-family: 'Lora', serif; font-size: 1.0em; font-weight: bolder;\"><strong>M.D.F. Juan Carlos Ram\u00edrez Reyes<\/strong><\/div>\n<div style=\"font-size: 0.85em;\">Director General de Asuntos Financieros<\/div>\n<div style=\"font-size: 0.85em;\">\u00a0<\/div>\n<div style=\"text-shadow: 2px 2px 2px #B9975B;\">\n<h4><strong>COMIT\u00c9 EDITORIAL<\/strong><\/h4>\n<\/div>\n<div style=\"font-size: 1.0em;\"><strong>D. C. Martha Segura Jim\u00e9nez<\/strong><br \/><strong>D.C.A. Mar\u00eda Victoria Gavi\u00f1o Ambr\u00edz<\/strong><\/div>\n<div style=\"font-size: 1.0em;\"><strong><span class=\"fontstyle1\">Mtro. Jahaziel Reyes Loaeza<\/span> \u00a0<\/strong><br \/><strong>D.E. Josman Espinosa G\u00f3mez<\/strong><br \/><strong>D.S.P. Erick Azamar Cruz<\/strong><\/div>\n<div><strong>Dr. V\u00edctor Manuel Mendoza Mart\u00ednez<\/strong><\/div>\n<div><strong>Dr. Flavio de Jes\u00fas Castillo Silva<\/strong><\/div>\n<div><strong> Dr. Eduardo Gonz\u00e1lez Guerra<\/strong><\/div>\n<div><strong>Dr. Jos\u00e9 Luis Ayala Herrera<\/strong><\/div>\n<div><strong>Dr. Josu\u00e9 Roberto Bermeo Escalona<\/strong><\/div>\n<div><strong>Dr. Juli\u00e1n Santoyo Garc\u00eda Galiano<\/strong><\/div>\n<div><strong><span class=\"fontstyle1\">\u00a0<\/span><\/strong><\/div>\n<\/div>\n<div style=\"padding-bottom: 1px;\">\u00a0<\/div>\n<div class=\"wp-block-file\"><a class=\"wp-block-file__button\" href=\"https:\/\/urseva.urse.edu.mx\/wp-content\/uploads\/2024\/09\/Comite-Editorial-Revista-Espacio-Universitario-8.pdf\" target=\"_blank\" rel=\"noopener\">Ver Rese\u00f1a<\/a><\/div>\t\t\t\t\t<\/div>\n\t\t\t\t\t\t<\/div>\n\t\t\t\t<\/div>\n\t\t\t\t<div class=\"elementor-element elementor-element-17b6c2c elementor-widget elementor-widget-text-editor\" data-id=\"17b6c2c\" data-element_type=\"widget\" data-widget_type=\"text-editor.default\">\n\t\t\t\t<div class=\"elementor-widget-container\">\n\t\t\t\t\t\t\t\t<div class=\"elementor-text-editor elementor-clearfix\">\n\t\t\t\t<div style=\"text-shadow: 2px 2px 2px #B9975B;\">\n<h4><strong>GU\u00cdA APA S\u00c9PTIMA EDICI\u00d3N <\/strong><\/h4>\nAdaptaci\u00f3n Editorial para publicaci\u00f3n en la<\/div>\n<div style=\"text-shadow: 2px 2px 2px #B9975B;\">Revista Espacio Universitario<\/div>\n<div style=\"padding-bottom: 1px;\">\u00a0<\/div>\n<div class=\"wp-block-file\"><a class=\"wp-block-file__button\" href=\"https:\/\/urseva.urse.edu.mx\/wp-content\/uploads\/2020\/03\/guia_apa_7a_edicion.pdf\" target=\"_blank\" rel=\"noopener\">Ver Gu\u00eda<\/a><\/div>\t\t\t\t\t<\/div>\n\t\t\t\t\t\t<\/div>\n\t\t\t\t<\/div>\n\t\t\t\t<div class=\"elementor-element elementor-element-804b836 elementor-widget elementor-widget-text-editor\" data-id=\"804b836\" data-element_type=\"widget\" data-widget_type=\"text-editor.default\">\n\t\t\t\t<div class=\"elementor-widget-container\">\n\t\t\t\t\t\t\t\t<div class=\"elementor-text-editor elementor-clearfix\">\n\t\t\t\t<div style=\"text-shadow: 2px 2px 2px #B9975B;\">\n<h4><strong>ACERCA DE LOS AUTORES<\/strong><\/h4>\n<\/div>\n<div class=\"wp-block-file\"><a class=\"wp-block-file__button\" href=\"https:\/\/urseva.urse.edu.mx\/wp-content\/uploads\/2024\/09\/RESENA-DE-AUTORES-8-1.pdf\" target=\"_blank\" rel=\"noopener\">Ver<\/a><\/div>\t\t\t\t\t<\/div>\n\t\t\t\t\t\t<\/div>\n\t\t\t\t<\/div>\n\t\t\t\t<div class=\"elementor-element elementor-element-ade11bb elementor-widget elementor-widget-text-editor\" data-id=\"ade11bb\" data-element_type=\"widget\" data-widget_type=\"text-editor.default\">\n\t\t\t\t<div class=\"elementor-widget-container\">\n\t\t\t\t\t\t\t\t<div class=\"elementor-text-editor elementor-clearfix\">\n\t\t\t\t<div style=\"text-shadow: 2px 2px 2px #B9975B;\">\n<h4><strong>N\u00daMEROS ANTERIORES<\/strong><\/h4>\n<\/div>\n<div class=\"wp-block-file\"><a class=\"wp-block-file__button\" href=\"https:\/\/urseva.urse.edu.mx\/index.php\/espacio-universitario\/numeros-anteriores\/\">Ver<\/a><\/div>\t\t\t\t\t<\/div>\n\t\t\t\t\t\t<\/div>\n\t\t\t\t<\/div>\n\t\t\t\t<div class=\"elementor-element elementor-element-1c3fa90 elementor-widget elementor-widget-text-editor\" data-id=\"1c3fa90\" data-element_type=\"widget\" data-widget_type=\"text-editor.default\">\n\t\t\t\t<div class=\"elementor-widget-container\">\n\t\t\t\t\t\t\t\t<div class=\"elementor-text-editor elementor-clearfix\">\n\t\t\t\t<div style=\"text-shadow: 2px 2px 2px #B9975B;\">\n<h4><strong>DIRECTRICES PARA AUTORES<\/strong><\/h4>\n<\/div>\n<div class=\"wp-block-file\"><a class=\"wp-block-file__button\" href=\"https:\/\/urseva.urse.edu.mx\/wp-content\/uploads\/2022\/03\/Directrices-Actualizadas.pdf\" target=\"_blank\" rel=\"noopener\">Ver<\/a><\/div>\t\t\t\t\t<\/div>\n\t\t\t\t\t\t<\/div>\n\t\t\t\t<\/div>\n\t\t\t\t<div class=\"elementor-element elementor-element-f48903c elementor-widget elementor-widget-text-editor\" data-id=\"f48903c\" data-element_type=\"widget\" data-widget_type=\"text-editor.default\">\n\t\t\t\t<div class=\"elementor-widget-container\">\n\t\t\t\t\t\t\t\t<div class=\"elementor-text-editor elementor-clearfix\">\n\t\t\t\t<div style=\"text-shadow: 2px 2px 2px #B9975B;\">\n<h4><strong>CONTACTO<\/strong><\/h4>\n<\/div>\n<b>revistaespacio@urse.edu.mx<\/b>\t\t\t\t\t<\/div>\n\t\t\t\t\t\t<\/div>\n\t\t\t\t<\/div>\n\t\t\t\t\t\t<\/div>\n\t\t\t\t\t<\/div>\n\t\t<\/div>\n\t\t\t\t<div class=\"elementor-column elementor-col-50 elementor-top-column elementor-element elementor-element-74435b7e\" data-id=\"74435b7e\" data-element_type=\"column\">\n\t\t\t<div class=\"elementor-column-wrap elementor-element-populated\">\n\t\t\t\t\t\t\t<div class=\"elementor-widget-wrap\">\n\t\t\t\t\t\t<div class=\"elementor-element elementor-element-2e4acd4f elementor-widget elementor-widget-text-editor\" data-id=\"2e4acd4f\" data-element_type=\"widget\" data-widget_type=\"text-editor.default\">\n\t\t\t\t<div class=\"elementor-widget-container\">\n\t\t\t\t\t\t\t\t<div class=\"elementor-text-editor elementor-clearfix\">\n\t\t\t\t<p><!-- wp:paragraph --><\/p>\n<p><!-- \/wp:paragraph --><\/p>\n<p><!-- wp:heading {\"level\":4} --><\/p>\n<h4>Revista Espacio Universitario. A\u00f1o 4. No. 8. Junio 2022<\/h4>\n<p><!-- \/wp:heading --><\/p>\n<p><!-- wp:separator --><\/p>\n<hr \/>\n<p><!-- \/wp:separator --><\/p>\n<p><!-- wp:heading {\"level\":4} --><\/p>\n<h4><strong>Editorial<\/strong><\/h4>\n<p><!-- \/wp:heading --><\/p>\n<p><!-- wp:html --><\/p>\n<div class=\"wp-block-file\"><a class=\"wp-block-file__button\" href=\"https:\/\/urseva.urse.edu.mx\/wp-content\/uploads\/2024\/09\/CARTA-EDITORIAL-8.pdf\" target=\"_blank\" rel=\"noopener\">Descarga PDF<\/a><\/div>\n<p><!-- \/wp:html --><\/p>\n<p><!-- wp:separator --><\/p>\n<hr \/>\n<p><!-- \/wp:separator --><\/p>\n<p><!-- wp:html --><\/p>\n<p>\u00a0<\/p>\n<div style=\"background-color: #b9975b; border-style: solid; border-color: black; text-align: center;\">\n<h5 style=\"color: white;\">Art\u00edculos Originales<\/h5>\n<\/div>\n<p><!-- \/wp:html --><\/p>\n<div>\u00a0<\/div>\n<h4 style=\"text-align: justify;\"><strong>Competencia en dosificaci\u00f3n de medicamentos pedi\u00e1tricos, en estudiantes de la Licenciatura en Enfermer\u00eda.<\/strong><\/h4>\n<p><!-- \/wp:html --><\/p>\n<p><!-- wp:html --><\/p>\n<p style=\"text-align: justify;\">Bonilla Ju\u00e1rez Laura Jaqueline, Chac\u00f3n Arag\u00f3n Ang\u00e9lica Isabel, Hern\u00e1ndez Solis Yennyfer, Pacheco Mateos Mar\u00eda Eugenia, Mu\u00f1oz P\u00e9rez Mar\u00eda De Los \u00c1ngeles, Salvador M\u00e9ndez Gladis, Santiago Cuevas Nelyda, Ruiz D\u00e1vila Eugenia, Melo Jim\u00e9nez Melina.<\/p>\n<p><!-- \/wp:html --><\/p>\n<p><!-- wp:html --><\/p>\n<div class=\"wp-block-file\"><a class=\"wp-block-file__button\" href=\"https:\/\/urseva.urse.edu.mx\/wp-content\/uploads\/2024\/09\/1.-BONILLA-JUAREZ.pdf\" target=\"_blank\" rel=\"noopener\">Descarga PDF<\/a><\/div>\n<div>\u00a0<\/div>\n<div>\u00a0<\/div>\n<p><!-- \/wp:html --><\/p>\n<p><!-- wp:separator --><\/p>\n<hr \/>\n<p><!-- \/wp:html --><\/p>\n<p><!-- wp:separator --><\/p>\n<hr \/>\n<p><!-- \/wp:separator --><\/p>\n<p><!-- wp:html --><\/p>\n<div style=\"background-color: #b9975b; border-style: solid; border-color: black; text-align: center;\">\n<h5 style=\"color: white;\">Ensayo Original<\/h5>\n<\/div>\n<p><!-- \/wp:html --><\/p>\n<div>\u00a0<\/div>\n<h4 style=\"text-align: justify;\"><strong>Comunicaci\u00f3n, los nuevos campos de desinformaci\u00f3n hegem\u00f3nica y desigualdad.<\/strong><\/h4>\n<p><!-- \/wp:html --><\/p>\n<p><!-- wp:html --><\/p>\n<p style=\"text-align: justify;\">Puente Gallangos Enrique..<\/p>\n<p><!-- \/wp:html --><\/p>\n<p><!-- wp:html --><\/p>\n<div class=\"wp-block-file\"><a class=\"wp-block-file__button\" href=\"https:\/\/urseva.urse.edu.mx\/wp-content\/uploads\/2024\/09\/2.-PUENTE-GALLANGOS.pdf\" target=\"_blank\" rel=\"noopener\"> Descarga PDF<\/a><\/div>\n<div>\u00a0<\/div>\n<div>\n<h4><strong>Evaluaci\u00f3n Andrag\u00f3gica.<\/strong><\/h4>\n<p>Castillo Silva Flavio de Jes\u00fas.<\/p>\n<div class=\"wp-block-file\"><a class=\"wp-block-file__button\" href=\"https:\/\/urseva.urse.edu.mx\/wp-content\/uploads\/2024\/09\/3.-CASTILLO-SILVA.pdf\" target=\"_blank\" rel=\"noopener\"> Descarga PDF<\/a><\/div>\n<\/div>\n<div>\u00a0<\/div>\n<div>\n<h4><strong>Prueba Il\u00edcita en el Sistema Penal Mexicano.<\/strong><\/h4>\n<p>Gonz\u00e1lez Castro Uriel, Gavi\u00f1o Ambriz Victoria.<\/p>\n<div class=\"wp-block-file\"><a class=\"wp-block-file__button\" href=\"https:\/\/urseva.urse.edu.mx\/wp-content\/uploads\/2024\/09\/4.-CASTRO-URIEL.pdf\" target=\"_blank\" rel=\"noopener\"> Descarga PDF<\/a><\/div>\n<\/div>\n<div>\u00a0<\/div>\n<div>\n<h4><strong>Componentes Nutricionales: su posible participaci\u00f3n como agentes de soporte preventivo ante SARS-CoV-2.<\/strong><\/h4>\n<p>Garc\u00eda-Montalvo Iv\u00e1n Antonio, Mat\u00edas-P\u00e9rez Diana.<\/p>\n<div class=\"wp-block-file\"><a class=\"wp-block-file__button\" href=\"https:\/\/urseva.urse.edu.mx\/wp-content\/uploads\/2024\/09\/5.-GARCIA-MONTALVO.pdf\" target=\"_blank\" rel=\"noopener\"> Descarga PDF<\/a><\/div>\n<\/div>\n<div>\u00a0<\/div>\n<p><!-- \/wp:html --><\/p>\n<p><!-- wp:separator --><\/p>\n<hr \/>\n<p><!-- \/wp:html --><\/p>\n<p><!-- wp:separator --><\/p>\n<hr \/>\n<p><!-- \/wp:separator --><\/p>\n<p><!-- wp:html --><\/p>\n<div class=\"wp-block-file\">\u00a0<\/div>\n<p><!-- \/wp:html --><\/p>\t\t\t\t\t<\/div>\n\t\t\t\t\t\t<\/div>\n\t\t\t\t<\/div>\n\t\t\t\t\t\t<\/div>\n\t\t\t\t\t<\/div>\n\t\t<\/div>\n\t\t\t\t\t\t\t\t<\/div>\n\t\t\t\t\t<\/div>\n\t\t<\/section>\n\t\t\t\t\t\t<\/div>\n\t\t\t\t\t\t<\/div>\n\t\t\t\t\t<\/div>\n\t\t","protected":false},"excerpt":{"rendered":"<p>CONSEJO EDITORIAL M.D.F. Miguel \u00c1ngel Hern\u00e1ndez Mendoza\u00a0 Rector de la Universidad M.A.E. Margarita Ric\u00e1rdez Smith Directora General de Asuntos Acad\u00e9micos M.A. Claudia Patricia Reyes S\u00e1nchez [&hellip;]<\/p>\n","protected":false},"author":1,"featured_media":2560,"parent":1100,"menu_order":0,"comment_status":"closed","ping_status":"closed","template":"","meta":[],"_links":{"self":[{"href":"https:\/\/urseva.urse.edu.mx\/index.php\/wp-json\/wp\/v2\/pages\/2307"}],"collection":[{"href":"https:\/\/urseva.urse.edu.mx\/index.php\/wp-json\/wp\/v2\/pages"}],"about":[{"href":"https:\/\/urseva.urse.edu.mx\/index.php\/wp-json\/wp\/v2\/types\/page"}],"author":[{"embeddable":true,"href":"https:\/\/urseva.urse.edu.mx\/index.php\/wp-json\/wp\/v2\/users\/1"}],"replies":[{"embeddable":true,"href":"https:\/\/urseva.urse.edu.mx\/index.php\/wp-json\/wp\/v2\/comments?post=2307"}],"version-history":[{"count":45,"href":"https:\/\/urseva.urse.edu.mx\/index.php\/wp-json\/wp\/v2\/pages\/2307\/revisions"}],"predecessor-version":[{"id":4076,"href":"https:\/\/urseva.urse.edu.mx\/index.php\/wp-json\/wp\/v2\/pages\/2307\/revisions\/4076"}],"up":[{"embeddable":true,"href":"https:\/\/urseva.urse.edu.mx\/index.php\/wp-json\/wp\/v2\/pages\/1100"}],"wp:featuredmedia":[{"embeddable":true,"href":"https:\/\/urseva.urse.edu.mx\/index.php\/wp-json\/wp\/v2\/media\/2560"}],"wp:attachment":[{"href":"https:\/\/urseva.urse.edu.mx\/index.php\/wp-json\/wp\/v2\/media?parent=2307"}],"curies":[{"name":"wp","href":"https:\/\/api.w.org\/{rel}","templated":true}]}}