{"id":2336,"date":"2023-03-31T17:14:25","date_gmt":"2023-03-31T23:14:25","guid":{"rendered":"https:\/\/urseva.urse.edu.mx\/index.php\/espacio-universitario-copy-2\/"},"modified":"2026-03-05T11:58:13","modified_gmt":"2026-03-05T17:58:13","slug":"espacio-universitario-47","status":"publish","type":"page","link":"https:\/\/urseva.urse.edu.mx\/index.php\/espacio-universitario\/numeros-anteriores\/espacio-universitario-47\/","title":{"rendered":"Revista Espacio Universitario A\u00f1o 5 No. 10"},"content":{"rendered":"\t\t<div data-elementor-type=\"wp-page\" data-elementor-id=\"2336\" class=\"elementor elementor-2336\" data-elementor-settings=\"[]\">\n\t\t\t\t\t\t<div class=\"elementor-inner\">\n\t\t\t\t\t\t\t<div class=\"elementor-section-wrap\">\n\t\t\t\t\t\t\t<section class=\"elementor-section elementor-top-section elementor-element elementor-element-58c1fd11 elementor-section-stretched elementor-section-full_width elementor-section-height-default elementor-section-height-default\" data-id=\"58c1fd11\" data-element_type=\"section\" data-settings=\"{&quot;stretch_section&quot;:&quot;section-stretched&quot;}\">\n\t\t\t\t\t\t<div class=\"elementor-container elementor-column-gap-extended\">\n\t\t\t\t\t\t\t<div class=\"elementor-row\">\n\t\t\t\t\t<div class=\"elementor-column elementor-col-50 elementor-top-column elementor-element elementor-element-2bb2b22\" data-id=\"2bb2b22\" data-element_type=\"column\">\n\t\t\t<div class=\"elementor-column-wrap elementor-element-populated\">\n\t\t\t\t\t\t\t<div class=\"elementor-widget-wrap\">\n\t\t\t\t\t\t<div class=\"elementor-element elementor-element-f77caa4 elementor-widget elementor-widget-text-editor\" data-id=\"f77caa4\" data-element_type=\"widget\" data-widget_type=\"text-editor.default\">\n\t\t\t\t<div class=\"elementor-widget-container\">\n\t\t\t\t\t\t\t\t<div class=\"elementor-text-editor elementor-clearfix\">\n\t\t\t\t\t\t\t\t\t<\/div>\n\t\t\t\t\t\t<\/div>\n\t\t\t\t<\/div>\n\t\t\t\t<div class=\"elementor-element elementor-element-6e94c59 elementor-widget elementor-widget-image\" data-id=\"6e94c59\" data-element_type=\"widget\" data-widget_type=\"image.default\">\n\t\t\t\t<div class=\"elementor-widget-container\">\n\t\t\t\t\t\t\t\t<div class=\"elementor-image\">\n\t\t\t\t\t\t\t\t\t\t\t\t\t<a href=\"https:\/\/www.calameo.com\/read\/008163450540e5349cbf8?authid=C3XkXUQE5ahn\" target=\"_blank\">\n\t\t\t\t\t\t\t<img width=\"219\" height=\"300\" src=\"https:\/\/urseva.urse.edu.mx\/wp-content\/uploads\/2024\/09\/portada_a5_n10-219x300.png\" class=\"attachment-medium size-medium\" alt=\"\" loading=\"lazy\" srcset=\"https:\/\/urseva.urse.edu.mx\/wp-content\/uploads\/2024\/09\/portada_a5_n10-219x300.png 219w, https:\/\/urseva.urse.edu.mx\/wp-content\/uploads\/2024\/09\/portada_a5_n10.png 625w\" sizes=\"(max-width: 219px) 100vw, 219px\" \/>\t\t\t\t\t\t\t\t<\/a>\n\t\t\t\t\t\t\t\t\t\t\t\t\t\t<\/div>\n\t\t\t\t\t\t<\/div>\n\t\t\t\t<\/div>\n\t\t\t\t<div class=\"elementor-element elementor-element-282040a elementor-widget elementor-widget-text-editor\" data-id=\"282040a\" data-element_type=\"widget\" data-widget_type=\"text-editor.default\">\n\t\t\t\t<div class=\"elementor-widget-container\">\n\t\t\t\t\t\t\t\t<div class=\"elementor-text-editor elementor-clearfix\">\n\t\t\t\t<div style=\"text-shadow: 2px 2px 2px #B9975B;\">\n<h4><strong>CONSEJO EDITORIAL<br \/><\/strong><\/h4>\n<\/div>\n<p><style>\n@import url('https:\/\/fonts.googleapis.com\/css?family=Lora&display=swap');<br \/>h5   {font-family: 'Lora', serif;<br \/>font-size: .63em; font-weight: bolder;}<br \/><\/style><\/p>\n<div style=\"font-family: 'Lora', serif;\">\n<div>\n<div style=\"font-family: 'Lora', serif; font-size: 1.0em; font-weight: bolder;\">M.D.F. Miguel \u00c1ngel Hern\u00e1ndez Mendoza\u00a0<\/div>\n<\/div>\n<div style=\"font-size: 0.85em;\">Rector de la Universidad<\/div>\n<div style=\"font-family: 'Lora', serif; font-size: 1.0em; font-weight: bolder;\">M.A.E. Margarita Ric\u00e1rdez Smith<\/div>\n<div style=\"font-size: 0.85em;\">Directora General de Asuntos Acad\u00e9micos<\/div>\n<div style=\"font-family: 'Lora', serif; font-size: 1.0em; font-weight: bolder;\">M.A. Claudia Patricia Reyes S\u00e1nchez<\/div>\n<div style=\"font-size: 0.85em;\">Directora General de Asuntos Estudiantiles<\/div>\n<div>\n<div style=\"font-family: 'Lora', serif; font-size: 1.0em; font-weight: bolder;\">M.D.F. Juan Jos\u00e9 \u00c1ngeles Castellanos<\/div>\n<div style=\"font-size: 0.85em;\">Director General de Asuntos Administrativos<\/div>\n<\/div>\n<div style=\"font-family: 'Lora', serif; font-size: 1.0em; font-weight: bolder;\"><strong>M.D.F. Juan Carlos Ram\u00edrez Reyes<\/strong><\/div>\n<div style=\"font-size: 0.85em;\">Director General de Asuntos Financieros<\/div>\n<div style=\"font-size: 0.85em;\">\u00a0<\/div>\n<div style=\"text-shadow: 2px 2px 2px #B9975B;\">\n<h4><strong>COMIT\u00c9 EDITORIAL<\/strong><\/h4>\n<\/div>\n<div style=\"font-size: 1.0em;\"><strong>D. C. Martha Segura Jim\u00e9nez<\/strong><br \/><strong>D.C.A. Mar\u00eda Victoria Gavi\u00f1o Ambr\u00edz<\/strong><\/div>\n<div style=\"font-size: 1.0em;\"><strong><span class=\"fontstyle1\">Mtro. Jahaziel Reyes Loaeza<\/span> \u00a0<\/strong><br \/><strong>D.E. Josman Espinosa G\u00f3mez<\/strong><br \/><strong>D.S.P. Erick Azamar Cruz<\/strong><\/div>\n<div><strong>Dr. Flavio de Jes\u00fas Castillo Silva<\/strong><\/div>\n<div><strong>Dr. V\u00edctor Manuel Mendoza Mart\u00ednez<\/strong><\/div>\n<div><strong> Dr. Eduardo Gonz\u00e1lez Guerra<\/strong><\/div>\n<div><strong>Dr. Jos\u00e9 Luis Ayala Herrera<\/strong><\/div>\n<div><strong>Dr. Josu\u00e9 Roberto Bermeo Escalona<\/strong><\/div>\n<div><strong>Dr. Juli\u00e1n Santoyo Garc\u00eda Galiano<\/strong><\/div>\n<div><strong><span class=\"fontstyle1\"> Dr. Armando Melgoza Rivera\u00a0<\/span><\/strong><\/div>\n<\/div>\n<div style=\"padding-bottom: 1px;\">\u00a0<\/div>\n<div class=\"wp-block-file\"><a class=\"wp-block-file__button\" href=\"https:\/\/urseva.urse.edu.mx\/wp-content\/uploads\/2024\/09\/Comite-Editorial-Revista-Espacio-Universitario-10.pdf\" target=\"_blank\" rel=\"noopener\">Ver Rese\u00f1a<\/a><\/div>\t\t\t\t\t<\/div>\n\t\t\t\t\t\t<\/div>\n\t\t\t\t<\/div>\n\t\t\t\t<div class=\"elementor-element elementor-element-17b6c2c elementor-widget elementor-widget-text-editor\" data-id=\"17b6c2c\" data-element_type=\"widget\" data-widget_type=\"text-editor.default\">\n\t\t\t\t<div class=\"elementor-widget-container\">\n\t\t\t\t\t\t\t\t<div class=\"elementor-text-editor elementor-clearfix\">\n\t\t\t\t<div style=\"text-shadow: 2px 2px 2px #B9975B;\">\n<h4><strong>GU\u00cdA APA S\u00c9PTIMA EDICI\u00d3N <\/strong><\/h4>\nAdaptaci\u00f3n Editorial para publicaci\u00f3n<\/div>\n<div style=\"text-shadow: 2px 2px 2px #B9975B;\">en la\u00a0Revista Espacio Universitario<\/div>\n<div style=\"padding-bottom: 1px;\">\u00a0<\/div>\n<div class=\"wp-block-file\"><a class=\"wp-block-file__button\" href=\"https:\/\/urseva.urse.edu.mx\/wp-content\/uploads\/2020\/03\/guia_apa_7a_edicion.pdf\" target=\"_blank\" rel=\"noopener\">Ver Gu\u00eda<\/a><\/div>\t\t\t\t\t<\/div>\n\t\t\t\t\t\t<\/div>\n\t\t\t\t<\/div>\n\t\t\t\t<div class=\"elementor-element elementor-element-804b836 elementor-widget elementor-widget-text-editor\" data-id=\"804b836\" data-element_type=\"widget\" data-widget_type=\"text-editor.default\">\n\t\t\t\t<div class=\"elementor-widget-container\">\n\t\t\t\t\t\t\t\t<div class=\"elementor-text-editor elementor-clearfix\">\n\t\t\t\t<div style=\"text-shadow: 2px 2px 2px #B9975B;\">\n<h4><strong>ACERCA DE LOS AUTORES<\/strong><\/h4>\n<\/div>\n<div class=\"wp-block-file\"><a class=\"wp-block-file__button\" href=\"https:\/\/urseva.urse.edu.mx\/wp-content\/uploads\/2024\/09\/Resena-10-1.pdf\" target=\"_blank\" rel=\"noopener\">Ver<\/a><\/div>\t\t\t\t\t<\/div>\n\t\t\t\t\t\t<\/div>\n\t\t\t\t<\/div>\n\t\t\t\t<div class=\"elementor-element elementor-element-ade11bb elementor-widget elementor-widget-text-editor\" data-id=\"ade11bb\" data-element_type=\"widget\" data-widget_type=\"text-editor.default\">\n\t\t\t\t<div class=\"elementor-widget-container\">\n\t\t\t\t\t\t\t\t<div class=\"elementor-text-editor elementor-clearfix\">\n\t\t\t\t<div style=\"text-shadow: 2px 2px 2px #B9975B;\">\n<h4><strong>N\u00daMEROS ANTERIORES<\/strong><\/h4>\n<\/div>\n<div class=\"wp-block-file\"><a class=\"wp-block-file__button\" href=\"https:\/\/urseva.urse.edu.mx\/index.php\/espacio-universitario\/numeros-anteriores\/\">Ver<\/a><\/div>\t\t\t\t\t<\/div>\n\t\t\t\t\t\t<\/div>\n\t\t\t\t<\/div>\n\t\t\t\t<div class=\"elementor-element elementor-element-1c3fa90 elementor-widget elementor-widget-text-editor\" data-id=\"1c3fa90\" data-element_type=\"widget\" data-widget_type=\"text-editor.default\">\n\t\t\t\t<div class=\"elementor-widget-container\">\n\t\t\t\t\t\t\t\t<div class=\"elementor-text-editor elementor-clearfix\">\n\t\t\t\t<div style=\"text-shadow: 2px 2px 2px #B9975B;\">\n<h4><strong>DIRECTRICES PARA AUTORES<\/strong><\/h4>\n<\/div>\n<div class=\"wp-block-file\"><a class=\"wp-block-file__button\" href=\"https:\/\/urseva.urse.edu.mx\/wp-content\/uploads\/2022\/03\/Directrices-Actualizadas.pdf\" target=\"_blank\" rel=\"noopener\">Ver<\/a><\/div>\t\t\t\t\t<\/div>\n\t\t\t\t\t\t<\/div>\n\t\t\t\t<\/div>\n\t\t\t\t<div class=\"elementor-element elementor-element-f48903c elementor-widget elementor-widget-text-editor\" data-id=\"f48903c\" data-element_type=\"widget\" data-widget_type=\"text-editor.default\">\n\t\t\t\t<div class=\"elementor-widget-container\">\n\t\t\t\t\t\t\t\t<div class=\"elementor-text-editor elementor-clearfix\">\n\t\t\t\t<div style=\"text-shadow: 2px 2px 2px #B9975B;\">\n<h4><strong>CONTACTO<\/strong><\/h4>\n<\/div>\n<b>revistaespacio@urse.edu.mx<\/b>\t\t\t\t\t<\/div>\n\t\t\t\t\t\t<\/div>\n\t\t\t\t<\/div>\n\t\t\t\t\t\t<\/div>\n\t\t\t\t\t<\/div>\n\t\t<\/div>\n\t\t\t\t<div class=\"elementor-column elementor-col-50 elementor-top-column elementor-element elementor-element-74435b7e\" data-id=\"74435b7e\" data-element_type=\"column\">\n\t\t\t<div class=\"elementor-column-wrap elementor-element-populated\">\n\t\t\t\t\t\t\t<div class=\"elementor-widget-wrap\">\n\t\t\t\t\t\t<div class=\"elementor-element elementor-element-2e4acd4f elementor-widget elementor-widget-text-editor\" data-id=\"2e4acd4f\" data-element_type=\"widget\" data-widget_type=\"text-editor.default\">\n\t\t\t\t<div class=\"elementor-widget-container\">\n\t\t\t\t\t\t\t\t<div class=\"elementor-text-editor elementor-clearfix\">\n\t\t\t\t<p><!-- wp:paragraph --><\/p>\n<p><!-- \/wp:paragraph --><\/p>\n<p><!-- wp:heading {\"level\":4} --><\/p>\n<h4>Revista Espacio Universitario. A\u00f1o 5. No. 10. Febrero 2023<\/h4>\n<p><!-- \/wp:heading --><\/p>\n<p><!-- wp:separator --><\/p>\n<hr \/>\n<p><!-- \/wp:separator --><\/p>\n<p><!-- wp:heading {\"level\":4} --><\/p>\n<h4><strong>Editorial<\/strong><\/h4>\n<p><!-- \/wp:heading --><\/p>\n<p><!-- wp:html --><\/p>\n<div class=\"wp-block-file\"><a class=\"wp-block-file__button\" href=\"https:\/\/urseva.urse.edu.mx\/wp-content\/uploads\/2024\/09\/Carta-Editorial-10.pdf\" target=\"_blank\" rel=\"noopener\">Descarga PDF<\/a><\/div>\n<p><!-- \/wp:html --><\/p>\n<p><!-- wp:separator --><\/p>\n<hr \/>\n<p><!-- \/wp:separator --><\/p>\n<p><!-- wp:html --><\/p>\n<p>\u00a0<\/p>\n<div style=\"background-color: #b9975b; border-style: solid; border-color: black; text-align: center;\">\n<h5 style=\"color: white;\">Art\u00edculos Originales<\/h5>\n<\/div>\n<p><!-- \/wp:html --><\/p>\n<div>\u00a0<\/div>\n<h4 style=\"text-align: justify;\"><strong>Conocimiento del C\u00e1ncer Oral en una poblaci\u00f3n representativa del Estado de Oaxaca.<\/strong><\/h4>\n<p><!-- \/wp:html --><\/p>\n<p><!-- wp:html --><\/p>\n<p style=\"text-align: justify;\">Cruz D\u00edaz Alessandra, Aquino Miguel Edgar Moroni, Garc\u00eda Salinas Ana Elizabeth, Meza Garc\u00eda Gerardo.<\/p>\n<p><!-- \/wp:html --><\/p>\n<p><!-- wp:html --><\/p>\n<div class=\"wp-block-file\"><a class=\"wp-block-file__button\" href=\"https:\/\/urseva.urse.edu.mx\/wp-content\/uploads\/2024\/09\/1.-CRUZ-DIAZ-2023.pdf\" target=\"_blank\" rel=\"noopener\">Descarga PDF<\/a><\/div>\n<div>\u00a0<\/div>\n<div>\n<h4 style=\"text-align: justify;\"><strong>Impacto de la COVID-19 sobre la microbiota intestinal del paciente geri\u00e1trico: un enfoque cl\u00ednico nutricional.<\/strong><\/h4>\n<p><!-- \/wp:html --><\/p>\n<p><!-- wp:html --><\/p>\n<p style=\"text-align: justify;\">Mendoza Gonz\u00e1lez Diana Laura, Pe\u00f1a Mart\u00ednez Montserrat del Carmen, Sol\u00eds Duarte Leidy Jovana, Neri Caballero Enrique Salvador.<\/p>\n<p><!-- \/wp:html --><\/p>\n<p><!-- wp:html --><\/p>\n<div class=\"wp-block-file\"><a class=\"wp-block-file__button\" href=\"https:\/\/urseva.urse.edu.mx\/wp-content\/uploads\/2024\/09\/2.-MENDOZA-GONZALEZ-2023.pdf\" target=\"_blank\" rel=\"noopener\">Descarga PDF<\/a><\/div>\n<\/div>\n<div>\u00a0<\/div>\n<div>\n<h4 style=\"text-align: justify;\"><strong>Evaluaci\u00f3n del grado de conocimiento sobre las Enfermedades de Transmisi\u00f3n Sexual y pr\u00e1cticas sexuales de riesgo en estudiantes de Medicina de la Universidad Regional del Sureste.<\/strong><\/h4>\n<p><!-- \/wp:html --><\/p>\n<p><!-- wp:html --><\/p>\n<p style=\"text-align: justify;\">De la Cruz Toledo Alma, Mart\u00ednez L\u00f3pez Ana Laura, Montes Cort\u00e9s Fredy Antonio, Santiago Vel\u00e1squez Lheilany Shanith, Vargas Ben\u00edtez Patricia.<\/p>\n<p><!-- \/wp:html --><\/p>\n<p><!-- wp:html --><\/p>\n<div class=\"wp-block-file\"><a class=\"wp-block-file__button\" href=\"https:\/\/urseva.urse.edu.mx\/wp-content\/uploads\/2024\/09\/3.-DE-LA-CRUZ-TOLEDO-2023.pdf\" target=\"_blank\" rel=\"noopener\">Descarga PDF<\/a><\/div>\n<\/div>\n<p><!-- \/wp:html --><\/p>\n<p><!-- wp:separator --><\/p>\n<hr \/>\n<p><!-- \/wp:html --><\/p>\n<p><!-- wp:separator --><\/p>\n<hr \/>\n<p><!-- \/wp:separator --><\/p>\n<p><!-- wp:html --><\/p>\n<div style=\"background-color: #b9975b; border-style: solid; border-color: black; text-align: center;\">\n<h5 style=\"color: white;\">Ensayo Original<\/h5>\n<\/div>\n<p><!-- \/wp:html --><\/p>\n<div>\u00a0<\/div>\n<h4 style=\"text-align: justify;\"><strong>La doble Imposici\u00f3n Jur\u00eddica Internacional y el Soft Law.<\/strong><\/h4>\n<p><!-- \/wp:html --><\/p>\n<p><!-- wp:html --><\/p>\n<p style=\"text-align: justify;\">G\u00f3mez Mart\u00ednez Carlos Guillermo, Gavi\u00f1o Ambr\u00edz Mar\u00eda Victoria.<\/p>\n<p><!-- \/wp:html --><\/p>\n<p><!-- wp:html --><\/p>\n<div class=\"wp-block-file\"><a class=\"wp-block-file__button\" href=\"https:\/\/urseva.urse.edu.mx\/wp-content\/uploads\/2024\/09\/4.-GOMEZ-MARTINEZ-2023.pdf\" target=\"_blank\" rel=\"noopener\"> Descarga PDF<\/a><\/div>\n<div>\u00a0<\/div>\n<div>\n<h4><strong>La duda razonable en la sentencia en relaci\u00f3n con el principio de presunci\u00f3n de inocencia en su vertiente de est\u00e1ndar probatorio.<\/strong><\/h4>\n<p>Cruz Bautista Oscar Alberto, Gavi\u00f1o Ambr\u00edz Mar\u00eda Victoria.<\/p>\n<div class=\"wp-block-file\"><a class=\"wp-block-file__button\" href=\"https:\/\/urseva.urse.edu.mx\/wp-content\/uploads\/2024\/09\/5.-CRUZ-BAUTISTA-2023.pdf\" target=\"_blank\" rel=\"noopener\"> Descarga PDF<\/a><\/div>\n<\/div>\n<div>\u00a0<\/div>\n<div>\n<div class=\"wp-block-file\">\u00a0<\/div>\n<\/div>\n<div>\u00a0<\/div>\n<div>\n<div class=\"wp-block-file\">\u00a0<\/div>\n<\/div>\n<div>\u00a0<\/div>\n<p><!-- \/wp:html --><\/p>\n<p><!-- wp:separator --><\/p>\n<hr \/>\n<p><!-- \/wp:html --><\/p>\n<p><!-- wp:separator --><\/p>\n<hr \/>\n<p><!-- \/wp:separator --><\/p>\n<p><!-- wp:html --><\/p>\n<div class=\"wp-block-file\">\u00a0<\/div>\n<p><!-- \/wp:html --><\/p>\t\t\t\t\t<\/div>\n\t\t\t\t\t\t<\/div>\n\t\t\t\t<\/div>\n\t\t\t\t\t\t<\/div>\n\t\t\t\t\t<\/div>\n\t\t<\/div>\n\t\t\t\t\t\t\t\t<\/div>\n\t\t\t\t\t<\/div>\n\t\t<\/section>\n\t\t\t\t\t\t<\/div>\n\t\t\t\t\t\t<\/div>\n\t\t\t\t\t<\/div>\n\t\t","protected":false},"excerpt":{"rendered":"<p>CONSEJO EDITORIAL M.D.F. Miguel \u00c1ngel Hern\u00e1ndez Mendoza\u00a0 Rector de la Universidad M.A.E. Margarita Ric\u00e1rdez Smith Directora General de Asuntos Acad\u00e9micos M.A. Claudia Patricia Reyes S\u00e1nchez [&hellip;]<\/p>\n","protected":false},"author":1,"featured_media":499,"parent":1100,"menu_order":0,"comment_status":"closed","ping_status":"closed","template":"","meta":[],"_links":{"self":[{"href":"https:\/\/urseva.urse.edu.mx\/index.php\/wp-json\/wp\/v2\/pages\/2336"}],"collection":[{"href":"https:\/\/urseva.urse.edu.mx\/index.php\/wp-json\/wp\/v2\/pages"}],"about":[{"href":"https:\/\/urseva.urse.edu.mx\/index.php\/wp-json\/wp\/v2\/types\/page"}],"author":[{"embeddable":true,"href":"https:\/\/urseva.urse.edu.mx\/index.php\/wp-json\/wp\/v2\/users\/1"}],"replies":[{"embeddable":true,"href":"https:\/\/urseva.urse.edu.mx\/index.php\/wp-json\/wp\/v2\/comments?post=2336"}],"version-history":[{"count":98,"href":"https:\/\/urseva.urse.edu.mx\/index.php\/wp-json\/wp\/v2\/pages\/2336\/revisions"}],"predecessor-version":[{"id":4082,"href":"https:\/\/urseva.urse.edu.mx\/index.php\/wp-json\/wp\/v2\/pages\/2336\/revisions\/4082"}],"up":[{"embeddable":true,"href":"https:\/\/urseva.urse.edu.mx\/index.php\/wp-json\/wp\/v2\/pages\/1100"}],"wp:featuredmedia":[{"embeddable":true,"href":"https:\/\/urseva.urse.edu.mx\/index.php\/wp-json\/wp\/v2\/media\/499"}],"wp:attachment":[{"href":"https:\/\/urseva.urse.edu.mx\/index.php\/wp-json\/wp\/v2\/media?parent=2336"}],"curies":[{"name":"wp","href":"https:\/\/api.w.org\/{rel}","templated":true}]}}