{"id":3622,"date":"2025-06-25T14:48:09","date_gmt":"2025-06-25T20:48:09","guid":{"rendered":"https:\/\/urseva.urse.edu.mx\/index.php\/espacio-universitario-copy\/"},"modified":"2026-03-05T12:07:15","modified_gmt":"2026-03-05T18:07:15","slug":"espacio-universitario-7-17","status":"publish","type":"page","link":"https:\/\/urseva.urse.edu.mx\/index.php\/espacio-universitario-7-17\/","title":{"rendered":"Revista Espacio Universitario A\u00f1o 7 N\u00fam. 17"},"content":{"rendered":"\t\t<div data-elementor-type=\"wp-page\" data-elementor-id=\"3622\" class=\"elementor elementor-3622\" data-elementor-settings=\"[]\">\n\t\t\t\t\t\t<div class=\"elementor-inner\">\n\t\t\t\t\t\t\t<div class=\"elementor-section-wrap\">\n\t\t\t\t\t\t\t<section class=\"elementor-section elementor-top-section elementor-element elementor-element-58c1fd11 elementor-section-stretched elementor-section-full_width elementor-section-height-default elementor-section-height-default\" data-id=\"58c1fd11\" data-element_type=\"section\" data-settings=\"{&quot;stretch_section&quot;:&quot;section-stretched&quot;}\">\n\t\t\t\t\t\t<div class=\"elementor-container elementor-column-gap-default\">\n\t\t\t\t\t\t\t<div class=\"elementor-row\">\n\t\t\t\t\t<div class=\"elementor-column elementor-col-33 elementor-top-column elementor-element elementor-element-2bb2b22\" data-id=\"2bb2b22\" data-element_type=\"column\">\n\t\t\t<div class=\"elementor-column-wrap elementor-element-populated\">\n\t\t\t\t\t\t\t<div class=\"elementor-widget-wrap\">\n\t\t\t\t\t\t<div class=\"elementor-element elementor-element-f77caa4 elementor-widget elementor-widget-text-editor\" data-id=\"f77caa4\" data-element_type=\"widget\" data-widget_type=\"text-editor.default\">\n\t\t\t\t<div class=\"elementor-widget-container\">\n\t\t\t\t\t\t\t\t<div class=\"elementor-text-editor elementor-clearfix\">\n\t\t\t\t\t\t\t\t\t<\/div>\n\t\t\t\t\t\t<\/div>\n\t\t\t\t<\/div>\n\t\t\t\t<div class=\"elementor-element elementor-element-6e94c59 elementor-widget elementor-widget-image\" data-id=\"6e94c59\" data-element_type=\"widget\" data-widget_type=\"image.default\">\n\t\t\t\t<div class=\"elementor-widget-container\">\n\t\t\t\t\t\t\t\t<div class=\"elementor-image\">\n\t\t\t\t\t\t\t\t\t\t\t\t\t<a href=\"https:\/\/www.calameo.com\/read\/00816345098893515361f?authid=femQpa6jwc4h\" target=\"_blank\">\n\t\t\t\t\t\t\t<img width=\"220\" height=\"300\" src=\"https:\/\/urseva.urse.edu.mx\/wp-content\/uploads\/2025\/06\/portada_a7_n17-220x300.jpg\" class=\"attachment-medium size-medium\" alt=\"\" loading=\"lazy\" srcset=\"https:\/\/urseva.urse.edu.mx\/wp-content\/uploads\/2025\/06\/portada_a7_n17-220x300.jpg 220w, https:\/\/urseva.urse.edu.mx\/wp-content\/uploads\/2025\/06\/portada_a7_n17.jpg 605w\" sizes=\"(max-width: 220px) 100vw, 220px\" \/>\t\t\t\t\t\t\t\t<\/a>\n\t\t\t\t\t\t\t\t\t\t\t\t\t\t<\/div>\n\t\t\t\t\t\t<\/div>\n\t\t\t\t<\/div>\n\t\t\t\t<div class=\"elementor-element elementor-element-282040a elementor-widget elementor-widget-text-editor\" data-id=\"282040a\" data-element_type=\"widget\" data-widget_type=\"text-editor.default\">\n\t\t\t\t<div class=\"elementor-widget-container\">\n\t\t\t\t\t\t\t\t<div class=\"elementor-text-editor elementor-clearfix\">\n\t\t\t\t<div style=\"text-shadow: 2px 2px 2px #B9975B;\">\n<h4><strong>CONSEJO EDITORIAL<br \/><\/strong><\/h4>\n<\/div>\n<p><style>\n@import url('https:\/\/fonts.googleapis.com\/css?family=Lora&display=swap');<br \/>h5   {font-family: 'Lora', serif;<br \/>font-size: .63em; font-weight: bolder;}<br \/><\/style><\/p>\n<div style=\"font-family: 'Lora', serif;\">\n<div>\n<div style=\"font-family: 'Lora', serif; font-size: 1.0em; font-weight: bolder;\">D.A. Miguel \u00c1ngel Hern\u00e1ndez Mendoza\u00a0<\/div>\n<\/div>\n<div style=\"font-size: 0.85em;\">Rector de la Universidad<\/div>\n<div style=\"font-family: 'Lora', serif; font-size: 1.0em; font-weight: bolder;\">M.A.E. Margarita Ric\u00e1rdez Smith<\/div>\n<div style=\"font-size: 0.85em;\">Directora General de Asuntos Acad\u00e9micos<\/div>\n<div style=\"font-family: 'Lora', serif; font-size: 1.0em; font-weight: bolder;\">M.A. Claudia Patricia Reyes S\u00e1nchez<\/div>\n<div style=\"font-size: 0.85em;\">Directora General de Asuntos Estudiantiles<\/div>\n<div>\n<div style=\"font-family: 'Lora', serif; font-size: 1.0em; font-weight: bolder;\">M.D.F. Juan Jos\u00e9 \u00c1ngeles Castellanos<\/div>\n<div style=\"font-size: 0.85em;\">Director General de Asuntos Administrativos<\/div>\n<\/div>\n<div style=\"font-family: 'Lora', serif; font-size: 1.0em; font-weight: bolder;\"><strong>M.D.F. Juan Carlos Ram\u00edrez Reyes<\/strong><\/div>\n<div style=\"font-size: 0.85em;\">Director General de Asuntos Financieros<\/div>\n<div style=\"font-size: 0.85em;\">\u00a0<\/div>\n<div style=\"text-shadow: 2px 2px 2px #B9975B;\">\n<h4><strong>COMIT\u00c9 EDITORIAL<\/strong><\/h4>\n<\/div>\n<div>\n<div><strong><span class=\"fontstyle1\">M.B.A Lesly Lourdes Moncada Palacios <br \/><\/span><\/strong><\/div>\n<div><strong><span class=\"fontstyle1\">Dr. Rub\u00e9n Vasconcelos M\u00e9ndez <\/span><\/strong><\/div>\n<\/div>\n<div style=\"font-size: 1.0em;\"><strong>D. C. Martha Segura Jim\u00e9nez<\/strong><br \/><strong>D.C.A. Mar\u00eda Victoria Gavi\u00f1o Ambr\u00edz<\/strong><\/div>\n<div style=\"font-size: 1.0em;\"><strong><span class=\"fontstyle1\">Mtro. Jahaziel Reyes Loaeza<\/span> \u00a0<\/strong><br \/><strong>D.E. Josman Espinosa G\u00f3mez<\/strong><br \/><strong>D.S.P. Erick Azamar Cruz<\/strong><\/div>\n<div><strong>Dr. Flavio de Jes\u00fas Castillo Silva<\/strong><\/div>\n<div><strong>Dr. V\u00edctor Manuel Mendoza Mart\u00ednez<\/strong><\/div>\n<div><strong> Dr. Eduardo Gonz\u00e1lez Guerra<\/strong><\/div>\n<div><strong>Dr. Jos\u00e9 Luis Ayala Herrera<\/strong><\/div>\n<div><strong>Dr. Josu\u00e9 Roberto Bermeo Escalona<\/strong><\/div>\n<div><strong>Dr. Juli\u00e1n Santoyo Garc\u00eda Galiano<\/strong><\/div>\n<div><strong><span class=\"fontstyle1\"> Dr. Armando Melgoza Rivera\u00a0<\/span><\/strong><\/div>\n<div>\u00a0<\/div>\n<\/div>\n<div style=\"padding-bottom: 1px;\">\u00a0<\/div>\n<div class=\"wp-block-file\"><a class=\"wp-block-file__button\" href=\"https:\/\/urseva.urse.edu.mx\/wp-content\/uploads\/2025\/06\/Comite-Editorial-Revista-Espacio-Universitario-17.pdf\" target=\"_blank\" rel=\"noopener\">Ver Rese\u00f1a<\/a><\/div>\t\t\t\t\t<\/div>\n\t\t\t\t\t\t<\/div>\n\t\t\t\t<\/div>\n\t\t\t\t<div class=\"elementor-element elementor-element-17b6c2c elementor-widget elementor-widget-text-editor\" data-id=\"17b6c2c\" data-element_type=\"widget\" data-widget_type=\"text-editor.default\">\n\t\t\t\t<div class=\"elementor-widget-container\">\n\t\t\t\t\t\t\t\t<div class=\"elementor-text-editor elementor-clearfix\">\n\t\t\t\t<div style=\"text-shadow: 2px 2px 2px #B9975B;\">\n<h4><strong>GU\u00cdA APA S\u00c9PTIMA EDICI\u00d3N <\/strong><\/h4>\nAdaptaci\u00f3n Editorial para publicaci\u00f3n<\/div>\n<div style=\"text-shadow: 2px 2px 2px #B9975B;\">en la\u00a0Revista Espacio Universitario<\/div>\n<div style=\"padding-bottom: 1px;\">\u00a0<\/div>\n<div class=\"wp-block-file\"><a class=\"wp-block-file__button\" href=\"https:\/\/urseva.urse.edu.mx\/wp-content\/uploads\/2020\/03\/guia_apa_7a_edicion.pdf\" target=\"_blank\" rel=\"noopener\">Ver Gu\u00eda<\/a><\/div>\t\t\t\t\t<\/div>\n\t\t\t\t\t\t<\/div>\n\t\t\t\t<\/div>\n\t\t\t\t<div class=\"elementor-element elementor-element-804b836 elementor-widget elementor-widget-text-editor\" data-id=\"804b836\" data-element_type=\"widget\" data-widget_type=\"text-editor.default\">\n\t\t\t\t<div class=\"elementor-widget-container\">\n\t\t\t\t\t\t\t\t<div class=\"elementor-text-editor elementor-clearfix\">\n\t\t\t\t<div style=\"text-shadow: 2px 2px 2px #B9975B;\">\n<h4><strong>ACERCA DE LOS AUTORES<\/strong><\/h4>\n<\/div>\n<div class=\"wp-block-file\"><a class=\"wp-block-file__button\" href=\"https:\/\/urseva.urse.edu.mx\/wp-content\/uploads\/2025\/06\/RESENA-17.pdf\" target=\"_blank\" rel=\"noopener\">Ver<\/a><\/div>\t\t\t\t\t<\/div>\n\t\t\t\t\t\t<\/div>\n\t\t\t\t<\/div>\n\t\t\t\t<div class=\"elementor-element elementor-element-ade11bb elementor-widget elementor-widget-text-editor\" data-id=\"ade11bb\" data-element_type=\"widget\" data-widget_type=\"text-editor.default\">\n\t\t\t\t<div class=\"elementor-widget-container\">\n\t\t\t\t\t\t\t\t<div class=\"elementor-text-editor elementor-clearfix\">\n\t\t\t\t<div style=\"text-shadow: 2px 2px 2px #B9975B;\">\n<h4><strong>N\u00daMEROS ANTERIORES<\/strong><\/h4>\n<\/div>\n<div class=\"wp-block-file\"><a class=\"wp-block-file__button\" href=\"https:\/\/urseva.urse.edu.mx\/index.php\/espacio-universitario\/numeros-anteriores\/\">Ver<\/a><\/div>\t\t\t\t\t<\/div>\n\t\t\t\t\t\t<\/div>\n\t\t\t\t<\/div>\n\t\t\t\t<div class=\"elementor-element elementor-element-1c3fa90 elementor-widget elementor-widget-text-editor\" data-id=\"1c3fa90\" data-element_type=\"widget\" data-widget_type=\"text-editor.default\">\n\t\t\t\t<div class=\"elementor-widget-container\">\n\t\t\t\t\t\t\t\t<div class=\"elementor-text-editor elementor-clearfix\">\n\t\t\t\t<div style=\"text-shadow: 2px 2px 2px #B9975B;\">\n<h4><strong>DIRECTRICES PARA AUTORES<\/strong><\/h4>\n<\/div>\n<div class=\"wp-block-file\"><a class=\"wp-block-file__button\" href=\"https:\/\/urseva.urse.edu.mx\/wp-content\/uploads\/2025\/05\/Directrices-para-autores-general-2024.pdf\" target=\"_blank\" rel=\"noopener\">Ver<\/a><\/div>\t\t\t\t\t<\/div>\n\t\t\t\t\t\t<\/div>\n\t\t\t\t<\/div>\n\t\t\t\t<div class=\"elementor-element elementor-element-f48903c elementor-widget elementor-widget-text-editor\" data-id=\"f48903c\" data-element_type=\"widget\" data-widget_type=\"text-editor.default\">\n\t\t\t\t<div class=\"elementor-widget-container\">\n\t\t\t\t\t\t\t\t<div class=\"elementor-text-editor elementor-clearfix\">\n\t\t\t\t<div style=\"text-shadow: 2px 2px 2px #B9975B;\">\n<h4><strong>CONTACTO<\/strong><\/h4>\n<\/div>\n<b>revistaespacio@urse.edu.mx<\/b>\t\t\t\t\t<\/div>\n\t\t\t\t\t\t<\/div>\n\t\t\t\t<\/div>\n\t\t\t\t\t\t<\/div>\n\t\t\t\t\t<\/div>\n\t\t<\/div>\n\t\t\t\t<div class=\"elementor-column elementor-col-66 elementor-top-column elementor-element elementor-element-74435b7e\" data-id=\"74435b7e\" data-element_type=\"column\">\n\t\t\t<div class=\"elementor-column-wrap elementor-element-populated\">\n\t\t\t\t\t\t\t<div class=\"elementor-widget-wrap\">\n\t\t\t\t\t\t<div class=\"elementor-element elementor-element-2e4acd4f elementor-widget elementor-widget-text-editor\" data-id=\"2e4acd4f\" data-element_type=\"widget\" data-widget_type=\"text-editor.default\">\n\t\t\t\t<div class=\"elementor-widget-container\">\n\t\t\t\t\t\t\t\t<div class=\"elementor-text-editor elementor-clearfix\">\n\t\t\t\t<p><!-- wp:paragraph --><\/p>\n<p><!-- \/wp:paragraph --><\/p>\n<p><!-- wp:heading {\"level\":4} --><\/p>\n<h4>Revista Espacio Universitario. A\u00f1o 7. No. 17. Junio 2025<\/h4>\n<p><!-- \/wp:heading --><\/p>\n<p><!-- wp:separator --><\/p>\n<hr \/>\n<p><!-- \/wp:separator --><\/p>\n<p><!-- wp:heading {\"level\":4} --><\/p>\n<h4><strong>Editorial<\/strong><\/h4>\n<p><!-- \/wp:heading --><\/p>\n<p><!-- wp:html --><\/p>\n<div class=\"wp-block-file\"><a class=\"wp-block-file__button\" href=\"https:\/\/urseva.urse.edu.mx\/wp-content\/uploads\/2025\/06\/Carta-Editorial-17.pdf\" target=\"_blank\" rel=\"noopener\">Descarga PDF<\/a><\/div>\n<p><!-- wp:separator --><\/p>\n<hr \/>\n<div style=\"background-color: #b9975b; border-style: solid; border-color: black; text-align: center;\">\n<h5 style=\"color: white;\">Ensayo<\/h5>\n<\/div>\n<p><!-- \/wp:html --><\/p>\n<div>\u00a0<\/div>\n<h4 style=\"text-align: justify;\"><strong>Visi\u00f3n Hermen\u00e9utica del ma\u00edz como sustento de una cultura, del Teocintle a su modificaci\u00f3n gen\u00e9tica.<\/strong><\/h4>\n<p><!-- \/wp:html --><\/p>\n<p><!-- wp:html --><\/p>\n<p style=\"text-align: justify;\">Mar\u00eda Victoria Gavi\u00f1o Ambriz.<\/p>\n<p><!-- \/wp:html --><\/p>\n<p><!-- wp:html --><\/p>\n<div class=\"wp-block-file\"><a class=\"wp-block-file__button\" href=\"https:\/\/urseva.urse.edu.mx\/wp-content\/uploads\/2025\/06\/1.-GAVIN\u0303O-AMBRIZ-2025.pdf\" target=\"_blank\" rel=\"noopener\"> Descarga PDF<\/a><\/div>\n<div>\u00a0<\/div>\n<div>\n<h4 style=\"text-align: justify;\"><strong>Ineficiencia Judicial y Vulnerabilidad Social: la problem\u00e1tica de los hombres v\u00edctimas de violaci\u00f3n sexual en el Sistema Penal Mexicano.<\/strong><\/h4>\n<p><!-- \/wp:html --><\/p>\n<p><!-- wp:html --><\/p>\n<p style=\"text-align: justify;\">Olivia Carolina P\u00e9rez Ojeda, Mar\u00eda Victoria Gavi\u00f1o Ambriz.<\/p>\n<p><!-- \/wp:html --><\/p>\n<p><!-- wp:html --><\/p>\n<div class=\"wp-block-file\"><a class=\"wp-block-file__button\" href=\"https:\/\/urseva.urse.edu.mx\/wp-content\/uploads\/2025\/06\/2.-PE\u0301REZ-OJEDA-2025.pdf\" target=\"_blank\" rel=\"noopener\"> Descarga PDF<\/a><\/div>\n<\/div>\n<div>\n<div class=\"wp-block-file\">\u00a0<\/div>\n<\/div>\n<div>\n<h4 style=\"text-align: justify;\"><strong>Escila y Caribdis, dos monstruos de la Teor\u00eda del Derecho.<\/strong><\/h4>\n<p><!-- \/wp:html --><\/p>\n<p><!-- wp:html --><\/p>\n<p style=\"text-align: justify;\">Enrique Puente Gallangos, Mar\u00eda Victoria Gavi\u00f1o Ambriz.<\/p>\n<p><!-- \/wp:html --><\/p>\n<p><!-- wp:html --><\/p>\n<div class=\"wp-block-file\"><a class=\"wp-block-file__button\" href=\"https:\/\/urseva.urse.edu.mx\/wp-content\/uploads\/2025\/06\/3.-PUENTE-GALLANGOS-2025.pdf\" target=\"_blank\" rel=\"noopener\"> Descarga PDF<\/a><\/div>\n<\/div>\n<div>\n<div class=\"wp-block-file\">\u00a0<\/div>\n<\/div>\n<div>\n<h4><strong>Hacia una propuesta que fortalezca la Legitimidad del Poder Reformador de la Constituci\u00f3n Mexicana.<\/strong><\/h4>\n<p><!-- \/wp:html --><\/p>\n<p><!-- wp:html --><\/p>\n<p>Carlos Alberto Moreno Alc\u00e1ntara, Mar\u00eda Victora Gavi\u00f1o Ambriz.<\/p>\n<p><!-- \/wp:html --><\/p>\n<p><!-- wp:html --><\/p>\n<div class=\"wp-block-file\"><a class=\"wp-block-file__button\" href=\"https:\/\/urseva.urse.edu.mx\/wp-content\/uploads\/2025\/06\/4.-MORENO-ALCA\u0301NTARA-2025.pdf\" target=\"_blank\" rel=\"noopener\"> Descarga PDF<\/a><\/div>\n<\/div>\n<div>\u00a0<\/div>\n<div>\n<h4><strong>La Paridad de G\u00e9nero en el Nuevo Modelo de Elecci\u00f3n de personas juzgadoras.<\/strong><\/h4>\n<p>Sandra P\u00e9rez Cruz, Mar\u00eda Victoria Gavi\u00f1o Ambriz.<\/p>\n<div class=\"wp-block-file\"><a class=\"wp-block-file__button\" href=\"https:\/\/urseva.urse.edu.mx\/wp-content\/uploads\/2025\/06\/5.-PE\u0301REZ-CRUZ-2025.pdf\" target=\"_blank\" rel=\"noopener\"> Descarga PDF<\/a><\/div>\n<\/div>\n<div>\u00a0<\/div>\n<div>\n<h4><strong>El rol de los abuelos en la protecci\u00f3n psicoemocional de los nietos durante y despu\u00e9s del divorcio parental en M\u00e9xico.<\/strong><\/h4>\n<p><!-- \/wp:html --><\/p>\n<p><!-- wp:html --><\/p>\n<p>Mar\u00eda de los \u00c1ngeles V\u00e1squez Garc\u00eda, Mar\u00eda Victoria Gavi\u00f1o Ambriz.<\/p>\n<p><!-- \/wp:html --><\/p>\n<p><!-- wp:html --><\/p>\n<div class=\"wp-block-file\"><a class=\"wp-block-file__button\" href=\"https:\/\/urseva.urse.edu.mx\/wp-content\/uploads\/2025\/06\/6.-VA\u0301SQUEZ-GARCI\u0301A-2025.pdf\" target=\"_blank\" rel=\"noopener\"> Descarga PDF<\/a><\/div>\n<\/div>\n<p><!-- \/wp:html --><\/p>\n<p><!-- wp:separator --><\/p>\n<hr \/>\n<p><!-- \/wp:html --><\/p>\n<p><!-- wp:separator --><\/p>\n<hr \/>\n<p><!-- \/wp:separator --><\/p>\n<p><!-- wp:html --><\/p>\n<p><!-- \/wp:html --><\/p>\n<p>\u00a0<\/p>\t\t\t\t\t<\/div>\n\t\t\t\t\t\t<\/div>\n\t\t\t\t<\/div>\n\t\t\t\t\t\t<\/div>\n\t\t\t\t\t<\/div>\n\t\t<\/div>\n\t\t\t\t\t\t\t\t<\/div>\n\t\t\t\t\t<\/div>\n\t\t<\/section>\n\t\t\t\t\t\t<\/div>\n\t\t\t\t\t\t<\/div>\n\t\t\t\t\t<\/div>\n\t\t","protected":false},"excerpt":{"rendered":"<p>CONSEJO EDITORIAL D.A. Miguel \u00c1ngel Hern\u00e1ndez Mendoza\u00a0 Rector de la Universidad M.A.E. Margarita Ric\u00e1rdez Smith Directora General de Asuntos Acad\u00e9micos M.A. Claudia Patricia Reyes S\u00e1nchez [&hellip;]<\/p>\n","protected":false},"author":1,"featured_media":2560,"parent":0,"menu_order":0,"comment_status":"closed","ping_status":"closed","template":"","meta":[],"_links":{"self":[{"href":"https:\/\/urseva.urse.edu.mx\/index.php\/wp-json\/wp\/v2\/pages\/3622"}],"collection":[{"href":"https:\/\/urseva.urse.edu.mx\/index.php\/wp-json\/wp\/v2\/pages"}],"about":[{"href":"https:\/\/urseva.urse.edu.mx\/index.php\/wp-json\/wp\/v2\/types\/page"}],"author":[{"embeddable":true,"href":"https:\/\/urseva.urse.edu.mx\/index.php\/wp-json\/wp\/v2\/users\/1"}],"replies":[{"embeddable":true,"href":"https:\/\/urseva.urse.edu.mx\/index.php\/wp-json\/wp\/v2\/comments?post=3622"}],"version-history":[{"count":97,"href":"https:\/\/urseva.urse.edu.mx\/index.php\/wp-json\/wp\/v2\/pages\/3622\/revisions"}],"predecessor-version":[{"id":4100,"href":"https:\/\/urseva.urse.edu.mx\/index.php\/wp-json\/wp\/v2\/pages\/3622\/revisions\/4100"}],"wp:featuredmedia":[{"embeddable":true,"href":"https:\/\/urseva.urse.edu.mx\/index.php\/wp-json\/wp\/v2\/media\/2560"}],"wp:attachment":[{"href":"https:\/\/urseva.urse.edu.mx\/index.php\/wp-json\/wp\/v2\/media?parent=3622"}],"curies":[{"name":"wp","href":"https:\/\/api.w.org\/{rel}","templated":true}]}}