{"id":951,"date":"2019-09-04T17:43:08","date_gmt":"2019-09-04T23:43:08","guid":{"rendered":"https:\/\/urseva.urse.edu.mx\/?page_id=951"},"modified":"2023-10-31T08:29:59","modified_gmt":"2023-10-31T14:29:59","slug":"criterios-editoriales","status":"publish","type":"page","link":"https:\/\/urseva.urse.edu.mx\/index.php\/espacio-universitario\/numeros-anteriores\/espacio-universitario-39\/criterios-editoriales\/","title":{"rendered":"Criterios Editoriales N\u00fam. 39"},"content":{"rendered":"\n<p class=\"has-medium-font-size\"><\/p>\n\n\n\n<p style=\"text-align:center\" class=\"has-large-font-size\">LINEAMIENTOS PARA PUBLICAR EN LA REVISTA ESPACIO UNIVERSITARIO No. 39 <\/p>\n\n\n\n<div style=\"text-align: justify;\">\n<ol><li>Se aceptar\u00e1n art\u00edculos de investigaci\u00f3n o ensayos, los cuales deben ser in\u00e9ditos y originales.<\/li><li>El idioma de publicaci\u00f3n es espa\u00f1ol.<\/li><li>Las \u00e1reas de publicaci\u00f3n son: Social y Humanidades, Salud, Investigaci\u00f3n Educativa e Institucional, Arquitectura, Arte y Dise\u00f1o.<\/li><li>Criterios para la selecci\u00f3n de trabajos:<\/li> <ul style=\"list-style-type:none\"><li>a) Los trabajos deben ser enviados en formato electr\u00f3nico (Word) al correo: revistaespacio@urse.edu.mx<br> <\/li><li>b)  La extensi\u00f3n de los art\u00edculos es de 3 cuartillas m\u00ednimo y 10 cuartillas m\u00e1ximo, escritos con un interlineado de 1.5, con fuente Times New Roman 12, sin justificar.<br> <\/li><li>c) Todos los trabajos tendr\u00e1n resumen de 200 palabras sobre el contenido del art\u00edculo incluyendo 5 palabras claves. El resumen deber\u00e1 presentarse en ingl\u00e9s (bajo el t\u00edtulo de abstract).<br><\/li><li> d) El aparato cr\u00edtico a utilizar ser\u00e1 APA sexta edici\u00f3n, por lo tanto, las citas y las referencias deben apegarse a la normatividad se\u00f1alada.<br> Se anexa el link de descarga del manual APA sexta edici\u00f3n: <div class=\"wp-block-file\"><a class=\"wp-block-file__button\" href=\"https:\/\/www.um.es\/documents\/378246\/2964900\/Normas+APA+Sexta+Edici%C3%B3n.pdf\/27f8511d-95b6-4096-8d3e-f8492f61c6dc\" target=\"_blank\" rel=\"noopener\">Liga del documento.<\/a><\/div> <\/li><li>e) Las tablas, figuras o im\u00e1genes se presentar\u00e1n a color, en caso de im\u00e1genes estas contar\u00e1n con una resoluci\u00f3n est\u00e1ndar (300 puntos por pulgada), en un archivo aparte al texto del art\u00edculo <\/li><br><\/li><\/ul><\/li><li> f) En un archivo adjunto en Word los participantes enviar\u00e1n una breve rese\u00f1a curricular con una extensi\u00f3n m\u00e1xima de 100 palabras sobre su formaci\u00f3n profesional que incluya: grado acad\u00e9mico, m\u00e9ritos acad\u00e9micos que desee destacar y correo de contacto. En caso de que los art\u00edculos est\u00e9n redactados en colaboraci\u00f3n debe enviarse la rese\u00f1a de cada uno de los autores. <br> <\/li><li>g) Los datos de los autores dentro del art\u00edculo y en la rese\u00f1a deben redactarse empezando por apellidos y despu\u00e9s agregar los nombres.<\/li><\/ul><li> La recepci\u00f3n del material  se realizar\u00e1 a partir de la publicaci\u00f3n de esta convocatoria y hasta el d\u00eda 22 de noviembre 2019.<\/li><li>Despu\u00e9s del tiempo de arbitraje se notificar\u00e1 a los autores seleccionados para proceder a la etapa de correcci\u00f3n, en caso necesario.<\/li><li>Contacto: Para mayor informaci\u00f3n acudir a la Coordinaci\u00f3n de Investigaci\u00f3n, ubicada en el Campus Alem\u00e1n, al tel. 51 4 14 10 ext.  1 165 o al correo: revistaespacio@urse.edu.mx<\/li><\/ol>\n<\/div>\n\n\n\n<p><\/p>\n","protected":false},"excerpt":{"rendered":"<p>LINEAMIENTOS PARA PUBLICAR EN LA REVISTA ESPACIO UNIVERSITARIO No. 39 Se aceptar\u00e1n art\u00edculos de investigaci\u00f3n o ensayos, los cuales deben ser in\u00e9ditos y originales. El [&hellip;]<\/p>\n","protected":false},"author":1,"featured_media":499,"parent":1371,"menu_order":0,"comment_status":"closed","ping_status":"closed","template":"","meta":[],"_links":{"self":[{"href":"https:\/\/urseva.urse.edu.mx\/index.php\/wp-json\/wp\/v2\/pages\/951"}],"collection":[{"href":"https:\/\/urseva.urse.edu.mx\/index.php\/wp-json\/wp\/v2\/pages"}],"about":[{"href":"https:\/\/urseva.urse.edu.mx\/index.php\/wp-json\/wp\/v2\/types\/page"}],"author":[{"embeddable":true,"href":"https:\/\/urseva.urse.edu.mx\/index.php\/wp-json\/wp\/v2\/users\/1"}],"replies":[{"embeddable":true,"href":"https:\/\/urseva.urse.edu.mx\/index.php\/wp-json\/wp\/v2\/comments?post=951"}],"version-history":[{"count":40,"href":"https:\/\/urseva.urse.edu.mx\/index.php\/wp-json\/wp\/v2\/pages\/951\/revisions"}],"predecessor-version":[{"id":2481,"href":"https:\/\/urseva.urse.edu.mx\/index.php\/wp-json\/wp\/v2\/pages\/951\/revisions\/2481"}],"up":[{"embeddable":true,"href":"https:\/\/urseva.urse.edu.mx\/index.php\/wp-json\/wp\/v2\/pages\/1371"}],"wp:featuredmedia":[{"embeddable":true,"href":"https:\/\/urseva.urse.edu.mx\/index.php\/wp-json\/wp\/v2\/media\/499"}],"wp:attachment":[{"href":"https:\/\/urseva.urse.edu.mx\/index.php\/wp-json\/wp\/v2\/media?parent=951"}],"curies":[{"name":"wp","href":"https:\/\/api.w.org\/{rel}","templated":true}]}}